{"id":11198,"date":"2024-04-14T12:35:44","date_gmt":"2024-04-14T12:35:44","guid":{"rendered":"https:\/\/pixintcreators.de\/politique-de-remboursement-et-de-retour\/"},"modified":"2026-05-02T07:45:59","modified_gmt":"2026-05-02T07:45:59","slug":"politique-de-remboursement-et-de-retour","status":"publish","type":"page","link":"https:\/\/letonkinois.de\/fr\/politique-de-remboursement-et-de-retour\/","title":{"rendered":"Politique de remboursement et de retour"},"content":{"rendered":"\n<p><strong>Droit de r\u00e9tractation<\/strong><\/p>\n\n<p>Vous avez le droit de vous r\u00e9tracter du pr\u00e9sent contrat sans donner de motif dans un d\u00e9lai de quatorze jours. Le d\u00e9lai de r\u00e9tractation est de quatorze jours \u00e0 compter du jour o\u00f9 vous, ou un tiers autre que le transporteur et d\u00e9sign\u00e9 par vous, avez pris possession des biens.<\/p>\n\n<p>Pour exercer votre droit de r\u00e9tractation, vous devez nous informer (greenline Entwicklung, Herstellung und Handel von Naturwerkstoffen GmbH, Feldlinie 32, 26160 Bad Zwischenahn, <a href=\"mailto:info@barendpalm.de\">info@greenline-online.de)<\/a> de votre d\u00e9cision de vous r\u00e9tracter du pr\u00e9sent contrat au moyen d&rsquo;une d\u00e9claration sans \u00e9quivoque (par exemple, une lettre envoy\u00e9e par la poste, un fax ou un e-mail). Vous pouvez utiliser \u00e0 cet effet le mod\u00e8le de formulaire de r\u00e9tractation ci-joint, qui n&rsquo;est toutefois pas obligatoire.<\/p>\n\n<p>Pour que le d\u00e9lai de r\u00e9tractation soit respect\u00e9, il suffit que vous envoyiez la communication relative \u00e0 l&rsquo;exercice du droit de r\u00e9tractation avant l&rsquo;expiration du d\u00e9lai de r\u00e9tractation.<\/p>\n\n<p><strong>Cons\u00e9quences de la r\u00e9tractation<\/strong><\/p>\n\n<p>En cas de r\u00e9tractation du pr\u00e9sent contrat, nous vous rembourserons tous les paiements re\u00e7us de vous, y compris les frais de livraison (\u00e0 l&rsquo;exception des frais suppl\u00e9mentaires d\u00e9coulant du fait que vous avez choisi un mode de livraison autre que le mode de livraison standard le moins cher que nous proposons), sans retard excessif et au plus tard quatorze jours \u00e0 compter de la date \u00e0 laquelle nous aurons re\u00e7u la communication de votre d\u00e9cision de r\u00e9tractation du pr\u00e9sent contrat. Nous effectuons ce remboursement en utilisant le m\u00eame moyen de paiement que celui que vous avez utilis\u00e9 pour la transaction initiale, sauf si nous en avons express\u00e9ment convenu autrement avec vous ; en aucun cas nous ne vous facturons de frais pour ce remboursement.<\/p>\n\n<p>Vous devez nous renvoyer ou nous remettre les biens sans retard excessif et, en tout \u00e9tat de cause, au plus tard quatorze jours apr\u00e8s que vous nous aurez communiqu\u00e9 votre d\u00e9cision de r\u00e9tractation du pr\u00e9sent contrat. Ce d\u00e9lai est r\u00e9put\u00e9 respect\u00e9 si vous renvoyez les biens avant l&rsquo;expiration du d\u00e9lai de quatorze jours.<\/p>\n\n\n\n<p>Vous devrez prendre en charge les frais directs de renvoi des biens.<\/p>\n\n\n\n<p>Votre responsabilit\u00e9 n&rsquo;est engag\u00e9e qu&rsquo;\u00e0 l&rsquo;\u00e9gard de la d\u00e9pr\u00e9ciation des biens r\u00e9sultant de manipulations autres que celles n\u00e9cessaires pour \u00e9tablir la nature, les caract\u00e9ristiques et le bon fonctionnement de ces biens.<\/p>\n\n<p><strong>Mod\u00e8le de formulaire de r\u00e9tractation<\/strong><\/p>\n\n<p><em>(Si vous souhaitez annuler le contrat, veuillez remplir et renvoyer ce formulaire).<\/em><\/p>\n\n<p>&#8211; A greenline Entwicklung, Herstellung und Handel von Naturwerkstoffen GmbH, Feldlinie 32, 26160 Bad Zwischenahn, info@greenline-online.de<\/p>\n\n<p>&#8211; Par la pr\u00e9sente, je\/nous (*) r\u00e9voque(ons) le contrat que j&rsquo;ai\/nous avons (*) conclu pour l&rsquo;achat des marchandises suivantes (*)\/la fourniture du service suivant (*)<\/p>\n\n<p>&#8211; Command\u00e9 le (*)\/re\u00e7u le (*)<\/p>\n\n<p>&#8211; Nom du\/des consommateur(s)<\/p>\n\n<p>&#8211; Adresse du\/des consommateur(s)<\/p>\n\n<p>&#8211; Signature du\/des consommateur(s) (uniquement en cas de communication sur papier)<\/p>\n\n<p>&#8211; Date<\/p>\n\n<p><em>(*) Biffer la mention inutile.<\/em><\/p>\n","protected":false},"excerpt":{"rendered":"<p>Droit de r\u00e9tractation Vous avez le droit de vous r\u00e9tracter du pr\u00e9sent contrat sans donner de motif dans un d\u00e9lai<\/p>\n","protected":false},"author":1,"featured_media":0,"parent":0,"menu_order":0,"comment_status":"closed","ping_status":"closed","template":"","meta":{"footnotes":""},"class_list":["post-11198","page","type-page","status-publish","hentry"],"yoast_head":"<!-- This site is optimized with the Yoast SEO plugin v26.9 - https:\/\/yoast.com\/product\/yoast-seo-wordpress\/ -->\n<title>Politique de remboursement et de retour - le tonkinois<\/title>\n<meta name=\"robots\" content=\"index, follow, max-snippet:-1, max-image-preview:large, max-video-preview:-1\" \/>\n<link rel=\"canonical\" href=\"https:\/\/letonkinois.de\/fr\/politique-de-remboursement-et-de-retour\/\" \/>\n<meta property=\"og:locale\" content=\"fr_FR\" \/>\n<meta property=\"og:type\" content=\"article\" \/>\n<meta property=\"og:title\" content=\"Politique de remboursement et de retour - le tonkinois\" \/>\n<meta property=\"og:description\" content=\"Droit de r\u00e9tractation Vous avez le droit de vous r\u00e9tracter du pr\u00e9sent contrat sans donner de motif dans un d\u00e9lai\" \/>\n<meta property=\"og:url\" content=\"https:\/\/letonkinois.de\/fr\/politique-de-remboursement-et-de-retour\/\" \/>\n<meta property=\"og:site_name\" content=\"le tonkinois\" \/>\n<meta property=\"article:modified_time\" content=\"2026-05-02T07:45:59+00:00\" \/>\n<meta name=\"twitter:card\" content=\"summary_large_image\" \/>\n<meta name=\"twitter:label1\" content=\"Dur\u00e9e de lecture estim\u00e9e\" \/>\n\t<meta name=\"twitter:data1\" content=\"3 minutes\" \/>\n<script type=\"application\/ld+json\" class=\"yoast-schema-graph\">{\"@context\":\"https:\/\/schema.org\",\"@graph\":[{\"@type\":\"WebPage\",\"@id\":\"https:\/\/letonkinois.de\/fr\/politique-de-remboursement-et-de-retour\/\",\"url\":\"https:\/\/letonkinois.de\/fr\/politique-de-remboursement-et-de-retour\/\",\"name\":\"Politique de remboursement et de retour - le tonkinois\",\"isPartOf\":{\"@id\":\"https:\/\/letonkinois.de\/fr\/#website\"},\"datePublished\":\"2024-04-14T12:35:44+00:00\",\"dateModified\":\"2026-05-02T07:45:59+00:00\",\"breadcrumb\":{\"@id\":\"https:\/\/letonkinois.de\/fr\/politique-de-remboursement-et-de-retour\/#breadcrumb\"},\"inLanguage\":\"fr-FR\",\"potentialAction\":[{\"@type\":\"ReadAction\",\"target\":[\"https:\/\/letonkinois.de\/fr\/politique-de-remboursement-et-de-retour\/\"]}]},{\"@type\":\"BreadcrumbList\",\"@id\":\"https:\/\/letonkinois.de\/fr\/politique-de-remboursement-et-de-retour\/#breadcrumb\",\"itemListElement\":[{\"@type\":\"ListItem\",\"position\":1,\"name\":\"Startseite\",\"item\":\"https:\/\/letonkinois.de\/fr\/\"},{\"@type\":\"ListItem\",\"position\":2,\"name\":\"Politique de remboursement et de retour\"}]},{\"@type\":\"WebSite\",\"@id\":\"https:\/\/letonkinois.de\/fr\/#website\",\"url\":\"https:\/\/letonkinois.de\/fr\/\",\"name\":\"le tonkinois\",\"description\":\"Le Tonkinois traditioneller Holzschutz\",\"publisher\":{\"@id\":\"https:\/\/letonkinois.de\/fr\/#organization\"},\"potentialAction\":[{\"@type\":\"SearchAction\",\"target\":{\"@type\":\"EntryPoint\",\"urlTemplate\":\"https:\/\/letonkinois.de\/fr\/?s={search_term_string}\"},\"query-input\":{\"@type\":\"PropertyValueSpecification\",\"valueRequired\":true,\"valueName\":\"search_term_string\"}}],\"inLanguage\":\"fr-FR\"},{\"@type\":\"Organization\",\"@id\":\"https:\/\/letonkinois.de\/fr\/#organization\",\"name\":\"le tonkinois\",\"url\":\"https:\/\/letonkinois.de\/fr\/\",\"logo\":{\"@type\":\"ImageObject\",\"inLanguage\":\"fr-FR\",\"@id\":\"https:\/\/letonkinois.de\/fr\/#\/schema\/logo\/image\/\",\"url\":\"https:\/\/letonkinois.de\/wp-content\/uploads\/2024\/07\/Unbenannt-1.png\",\"contentUrl\":\"https:\/\/letonkinois.de\/wp-content\/uploads\/2024\/07\/Unbenannt-1.png\",\"width\":512,\"height\":512,\"caption\":\"le tonkinois\"},\"image\":{\"@id\":\"https:\/\/letonkinois.de\/fr\/#\/schema\/logo\/image\/\"}}]}<\/script>\n<!-- \/ Yoast SEO plugin. -->","yoast_head_json":{"title":"Politique de remboursement et de retour - le tonkinois","robots":{"index":"index","follow":"follow","max-snippet":"max-snippet:-1","max-image-preview":"max-image-preview:large","max-video-preview":"max-video-preview:-1"},"canonical":"https:\/\/letonkinois.de\/fr\/politique-de-remboursement-et-de-retour\/","og_locale":"fr_FR","og_type":"article","og_title":"Politique de remboursement et de retour - le tonkinois","og_description":"Droit de r\u00e9tractation Vous avez le droit de vous r\u00e9tracter du pr\u00e9sent contrat sans donner de motif dans un d\u00e9lai","og_url":"https:\/\/letonkinois.de\/fr\/politique-de-remboursement-et-de-retour\/","og_site_name":"le tonkinois","article_modified_time":"2026-05-02T07:45:59+00:00","twitter_card":"summary_large_image","twitter_misc":{"Dur\u00e9e de lecture estim\u00e9e":"3 minutes"},"schema":{"@context":"https:\/\/schema.org","@graph":[{"@type":"WebPage","@id":"https:\/\/letonkinois.de\/fr\/politique-de-remboursement-et-de-retour\/","url":"https:\/\/letonkinois.de\/fr\/politique-de-remboursement-et-de-retour\/","name":"Politique de remboursement et de retour - le tonkinois","isPartOf":{"@id":"https:\/\/letonkinois.de\/fr\/#website"},"datePublished":"2024-04-14T12:35:44+00:00","dateModified":"2026-05-02T07:45:59+00:00","breadcrumb":{"@id":"https:\/\/letonkinois.de\/fr\/politique-de-remboursement-et-de-retour\/#breadcrumb"},"inLanguage":"fr-FR","potentialAction":[{"@type":"ReadAction","target":["https:\/\/letonkinois.de\/fr\/politique-de-remboursement-et-de-retour\/"]}]},{"@type":"BreadcrumbList","@id":"https:\/\/letonkinois.de\/fr\/politique-de-remboursement-et-de-retour\/#breadcrumb","itemListElement":[{"@type":"ListItem","position":1,"name":"Startseite","item":"https:\/\/letonkinois.de\/fr\/"},{"@type":"ListItem","position":2,"name":"Politique de remboursement et de retour"}]},{"@type":"WebSite","@id":"https:\/\/letonkinois.de\/fr\/#website","url":"https:\/\/letonkinois.de\/fr\/","name":"le tonkinois","description":"Le Tonkinois traditioneller Holzschutz","publisher":{"@id":"https:\/\/letonkinois.de\/fr\/#organization"},"potentialAction":[{"@type":"SearchAction","target":{"@type":"EntryPoint","urlTemplate":"https:\/\/letonkinois.de\/fr\/?s={search_term_string}"},"query-input":{"@type":"PropertyValueSpecification","valueRequired":true,"valueName":"search_term_string"}}],"inLanguage":"fr-FR"},{"@type":"Organization","@id":"https:\/\/letonkinois.de\/fr\/#organization","name":"le tonkinois","url":"https:\/\/letonkinois.de\/fr\/","logo":{"@type":"ImageObject","inLanguage":"fr-FR","@id":"https:\/\/letonkinois.de\/fr\/#\/schema\/logo\/image\/","url":"https:\/\/letonkinois.de\/wp-content\/uploads\/2024\/07\/Unbenannt-1.png","contentUrl":"https:\/\/letonkinois.de\/wp-content\/uploads\/2024\/07\/Unbenannt-1.png","width":512,"height":512,"caption":"le tonkinois"},"image":{"@id":"https:\/\/letonkinois.de\/fr\/#\/schema\/logo\/image\/"}}]}},"_links":{"self":[{"href":"https:\/\/letonkinois.de\/fr\/wp-json\/wp\/v2\/pages\/11198","targetHints":{"allow":["GET"]}}],"collection":[{"href":"https:\/\/letonkinois.de\/fr\/wp-json\/wp\/v2\/pages"}],"about":[{"href":"https:\/\/letonkinois.de\/fr\/wp-json\/wp\/v2\/types\/page"}],"author":[{"embeddable":true,"href":"https:\/\/letonkinois.de\/fr\/wp-json\/wp\/v2\/users\/1"}],"replies":[{"embeddable":true,"href":"https:\/\/letonkinois.de\/fr\/wp-json\/wp\/v2\/comments?post=11198"}],"version-history":[{"count":2,"href":"https:\/\/letonkinois.de\/fr\/wp-json\/wp\/v2\/pages\/11198\/revisions"}],"predecessor-version":[{"id":12564,"href":"https:\/\/letonkinois.de\/fr\/wp-json\/wp\/v2\/pages\/11198\/revisions\/12564"}],"wp:attachment":[{"href":"https:\/\/letonkinois.de\/fr\/wp-json\/wp\/v2\/media?parent=11198"}],"curies":[{"name":"wp","href":"https:\/\/api.w.org\/{rel}","templated":true}]}}