{"id":11268,"date":"2024-04-14T12:30:13","date_gmt":"2024-04-14T12:30:13","guid":{"rendered":"https:\/\/pixintcreators.de\/expedition\/"},"modified":"2024-08-31T10:34:00","modified_gmt":"2024-08-31T10:34:00","slug":"expedition","status":"publish","type":"page","link":"https:\/\/letonkinois.de\/fr\/expedition\/","title":{"rendered":"Exp\u00e9dition"},"content":{"rendered":"\n<h4 class=\"wp-block-heading\"><strong>Votre partenaire d&rsquo;exp\u00e9dition premium &#8211; DHL<\/strong><\/h4>\n\n<p>La livraison est un \u00e9l\u00e9ment essentiel de votre exp\u00e9rience d&rsquo;achat en ligne. Pour garantir que vos commandes soient livr\u00e9es \u00e0 votre porte non seulement rapidement, mais aussi de mani\u00e8re fiable et s\u00fbre, nous travaillons avec un partenaire logistique de premier plan, DHL. Ces partenariats nous permettent de garantir les normes les plus \u00e9lev\u00e9es pour la livraison de vos produits.<\/p>\n\n<h4 class=\"wp-block-heading\"><strong>Nos obligations d&rsquo;exp\u00e9dition envers vous :<\/strong><\/h4>\n\n<p><strong>D\u00e9lais de livraison :<\/strong><\/p>\n\n<p>Votre temps est important pour nous.\nC&rsquo;est pourquoi nous garantissons que toutes les commandes sont trait\u00e9es avec la plus grande priorit\u00e9.\nEn Allemagne, le d\u00e9lai de livraison est g\u00e9n\u00e9ralement de 2 \u00e0 3 jours apr\u00e8s r\u00e9ception de la commande, tandis que les livraisons en Europe peuvent prendre un peu plus de temps.  <\/p>\n\n<p><strong>Frais de livraison Allemagne :<\/strong><\/p>\n\n<ul class=\"wp-block-list\">\n<li>Standardversand: 7,20 EUR<\/li>\n\n\n\n<li>Livraison aux \u00eeles : 19,95 EUR<\/li>\n\n\n\n<li>Livraison gratuite : nous proposons une livraison gratuite en Allemagne \u00e0 partir de 100 EUR d&rsquo;achat.<\/li>\n<\/ul>\n\n<p><strong>Frais de livraison Europe :<\/strong><\/p>\n\n<ul class=\"wp-block-list\">\n<li>Livraison standard : 14,90 EUR<\/li>\n\n\n\n<li>Livraison gratuite : nous livrons \u00e9galement gratuitement en Europe \u00e0 partir d&rsquo;un montant de commande de 150 EUR.<\/li>\n<\/ul>\n\n<p>Nous nous effor\u00e7ons toujours de maintenir les frais d&rsquo;exp\u00e9dition au niveau le plus bas possible tout en offrant un service d&rsquo;exp\u00e9dition fiable et s\u00e9curis\u00e9.\nVotre confiance et votre satisfaction sont nos priorit\u00e9s. <\/p>\n\n<p><\/p>\n","protected":false},"excerpt":{"rendered":"<p>Votre partenaire d&rsquo;exp\u00e9dition premium &#8211; DHL La livraison est un \u00e9l\u00e9ment essentiel de votre exp\u00e9rience d&rsquo;achat en ligne. Pour garantir<\/p>\n","protected":false},"author":2,"featured_media":0,"parent":0,"menu_order":0,"comment_status":"closed","ping_status":"closed","template":"","meta":{"footnotes":""},"class_list":["post-11268","page","type-page","status-publish","hentry"],"yoast_head":"<!-- This site is optimized with the Yoast SEO plugin v26.9 - https:\/\/yoast.com\/product\/yoast-seo-wordpress\/ -->\n<title>Exp\u00e9dition - le tonkinois<\/title>\n<meta name=\"robots\" content=\"index, follow, max-snippet:-1, max-image-preview:large, max-video-preview:-1\" \/>\n<link rel=\"canonical\" href=\"https:\/\/letonkinois.de\/fr\/expedition\/\" \/>\n<meta property=\"og:locale\" content=\"fr_FR\" \/>\n<meta property=\"og:type\" content=\"article\" \/>\n<meta property=\"og:title\" content=\"Exp\u00e9dition - le tonkinois\" \/>\n<meta property=\"og:description\" content=\"Votre partenaire d&rsquo;exp\u00e9dition premium &#8211; DHL La livraison est un \u00e9l\u00e9ment essentiel de votre exp\u00e9rience d&rsquo;achat en ligne. Pour garantir\" \/>\n<meta property=\"og:url\" content=\"https:\/\/letonkinois.de\/fr\/expedition\/\" \/>\n<meta property=\"og:site_name\" content=\"le tonkinois\" \/>\n<meta property=\"article:modified_time\" content=\"2024-08-31T10:34:00+00:00\" \/>\n<meta name=\"twitter:card\" content=\"summary_large_image\" \/>\n<meta name=\"twitter:label1\" content=\"Dur\u00e9e de lecture estim\u00e9e\" \/>\n\t<meta name=\"twitter:data1\" content=\"1 minute\" \/>\n<script type=\"application\/ld+json\" class=\"yoast-schema-graph\">{\"@context\":\"https:\/\/schema.org\",\"@graph\":[{\"@type\":\"WebPage\",\"@id\":\"https:\/\/letonkinois.de\/fr\/expedition\/\",\"url\":\"https:\/\/letonkinois.de\/fr\/expedition\/\",\"name\":\"Exp\u00e9dition - le tonkinois\",\"isPartOf\":{\"@id\":\"https:\/\/letonkinois.de\/fr\/#website\"},\"datePublished\":\"2024-04-14T12:30:13+00:00\",\"dateModified\":\"2024-08-31T10:34:00+00:00\",\"breadcrumb\":{\"@id\":\"https:\/\/letonkinois.de\/fr\/expedition\/#breadcrumb\"},\"inLanguage\":\"fr-FR\",\"potentialAction\":[{\"@type\":\"ReadAction\",\"target\":[\"https:\/\/letonkinois.de\/fr\/expedition\/\"]}]},{\"@type\":\"BreadcrumbList\",\"@id\":\"https:\/\/letonkinois.de\/fr\/expedition\/#breadcrumb\",\"itemListElement\":[{\"@type\":\"ListItem\",\"position\":1,\"name\":\"Startseite\",\"item\":\"https:\/\/letonkinois.de\/fr\/\"},{\"@type\":\"ListItem\",\"position\":2,\"name\":\"Exp\u00e9dition\"}]},{\"@type\":\"WebSite\",\"@id\":\"https:\/\/letonkinois.de\/fr\/#website\",\"url\":\"https:\/\/letonkinois.de\/fr\/\",\"name\":\"le tonkinois\",\"description\":\"Le Tonkinois traditioneller Holzschutz\",\"publisher\":{\"@id\":\"https:\/\/letonkinois.de\/fr\/#organization\"},\"potentialAction\":[{\"@type\":\"SearchAction\",\"target\":{\"@type\":\"EntryPoint\",\"urlTemplate\":\"https:\/\/letonkinois.de\/fr\/?s={search_term_string}\"},\"query-input\":{\"@type\":\"PropertyValueSpecification\",\"valueRequired\":true,\"valueName\":\"search_term_string\"}}],\"inLanguage\":\"fr-FR\"},{\"@type\":\"Organization\",\"@id\":\"https:\/\/letonkinois.de\/fr\/#organization\",\"name\":\"le tonkinois\",\"url\":\"https:\/\/letonkinois.de\/fr\/\",\"logo\":{\"@type\":\"ImageObject\",\"inLanguage\":\"fr-FR\",\"@id\":\"https:\/\/letonkinois.de\/fr\/#\/schema\/logo\/image\/\",\"url\":\"https:\/\/letonkinois.de\/wp-content\/uploads\/2024\/07\/Unbenannt-1.png\",\"contentUrl\":\"https:\/\/letonkinois.de\/wp-content\/uploads\/2024\/07\/Unbenannt-1.png\",\"width\":512,\"height\":512,\"caption\":\"le tonkinois\"},\"image\":{\"@id\":\"https:\/\/letonkinois.de\/fr\/#\/schema\/logo\/image\/\"}}]}<\/script>\n<!-- \/ Yoast SEO plugin. -->","yoast_head_json":{"title":"Exp\u00e9dition - le tonkinois","robots":{"index":"index","follow":"follow","max-snippet":"max-snippet:-1","max-image-preview":"max-image-preview:large","max-video-preview":"max-video-preview:-1"},"canonical":"https:\/\/letonkinois.de\/fr\/expedition\/","og_locale":"fr_FR","og_type":"article","og_title":"Exp\u00e9dition - le tonkinois","og_description":"Votre partenaire d&rsquo;exp\u00e9dition premium &#8211; DHL La livraison est un \u00e9l\u00e9ment essentiel de votre exp\u00e9rience d&rsquo;achat en ligne. Pour garantir","og_url":"https:\/\/letonkinois.de\/fr\/expedition\/","og_site_name":"le tonkinois","article_modified_time":"2024-08-31T10:34:00+00:00","twitter_card":"summary_large_image","twitter_misc":{"Dur\u00e9e de lecture estim\u00e9e":"1 minute"},"schema":{"@context":"https:\/\/schema.org","@graph":[{"@type":"WebPage","@id":"https:\/\/letonkinois.de\/fr\/expedition\/","url":"https:\/\/letonkinois.de\/fr\/expedition\/","name":"Exp\u00e9dition - le tonkinois","isPartOf":{"@id":"https:\/\/letonkinois.de\/fr\/#website"},"datePublished":"2024-04-14T12:30:13+00:00","dateModified":"2024-08-31T10:34:00+00:00","breadcrumb":{"@id":"https:\/\/letonkinois.de\/fr\/expedition\/#breadcrumb"},"inLanguage":"fr-FR","potentialAction":[{"@type":"ReadAction","target":["https:\/\/letonkinois.de\/fr\/expedition\/"]}]},{"@type":"BreadcrumbList","@id":"https:\/\/letonkinois.de\/fr\/expedition\/#breadcrumb","itemListElement":[{"@type":"ListItem","position":1,"name":"Startseite","item":"https:\/\/letonkinois.de\/fr\/"},{"@type":"ListItem","position":2,"name":"Exp\u00e9dition"}]},{"@type":"WebSite","@id":"https:\/\/letonkinois.de\/fr\/#website","url":"https:\/\/letonkinois.de\/fr\/","name":"le tonkinois","description":"Le Tonkinois traditioneller Holzschutz","publisher":{"@id":"https:\/\/letonkinois.de\/fr\/#organization"},"potentialAction":[{"@type":"SearchAction","target":{"@type":"EntryPoint","urlTemplate":"https:\/\/letonkinois.de\/fr\/?s={search_term_string}"},"query-input":{"@type":"PropertyValueSpecification","valueRequired":true,"valueName":"search_term_string"}}],"inLanguage":"fr-FR"},{"@type":"Organization","@id":"https:\/\/letonkinois.de\/fr\/#organization","name":"le tonkinois","url":"https:\/\/letonkinois.de\/fr\/","logo":{"@type":"ImageObject","inLanguage":"fr-FR","@id":"https:\/\/letonkinois.de\/fr\/#\/schema\/logo\/image\/","url":"https:\/\/letonkinois.de\/wp-content\/uploads\/2024\/07\/Unbenannt-1.png","contentUrl":"https:\/\/letonkinois.de\/wp-content\/uploads\/2024\/07\/Unbenannt-1.png","width":512,"height":512,"caption":"le tonkinois"},"image":{"@id":"https:\/\/letonkinois.de\/fr\/#\/schema\/logo\/image\/"}}]}},"jetpack_sharing_enabled":true,"_links":{"self":[{"href":"https:\/\/letonkinois.de\/fr\/wp-json\/wp\/v2\/pages\/11268","targetHints":{"allow":["GET"]}}],"collection":[{"href":"https:\/\/letonkinois.de\/fr\/wp-json\/wp\/v2\/pages"}],"about":[{"href":"https:\/\/letonkinois.de\/fr\/wp-json\/wp\/v2\/types\/page"}],"author":[{"embeddable":true,"href":"https:\/\/letonkinois.de\/fr\/wp-json\/wp\/v2\/users\/2"}],"replies":[{"embeddable":true,"href":"https:\/\/letonkinois.de\/fr\/wp-json\/wp\/v2\/comments?post=11268"}],"version-history":[{"count":4,"href":"https:\/\/letonkinois.de\/fr\/wp-json\/wp\/v2\/pages\/11268\/revisions"}],"predecessor-version":[{"id":11640,"href":"https:\/\/letonkinois.de\/fr\/wp-json\/wp\/v2\/pages\/11268\/revisions\/11640"}],"wp:attachment":[{"href":"https:\/\/letonkinois.de\/fr\/wp-json\/wp\/v2\/media?parent=11268"}],"curies":[{"name":"wp","href":"https:\/\/api.w.org\/{rel}","templated":true}]}}