{"id":11285,"date":"2024-04-20T09:21:19","date_gmt":"2024-04-20T09:21:19","guid":{"rendered":"https:\/\/pixintcreators.de\/authenticite-des-evaluations\/"},"modified":"2026-04-08T11:08:25","modified_gmt":"2026-04-08T11:08:25","slug":"authenticite-des-evaluations","status":"publish","type":"page","link":"https:\/\/letonkinois.de\/fr\/authenticite-des-evaluations\/","title":{"rendered":"Authenticit\u00e9 des \u00e9valuations"},"content":{"rendered":"<div class=\"wpb-content-wrapper\"><p>[vc_row][vc_column]<\/p>\n<h2>Informations sur l&rsquo;authenticit\u00e9 des avis clients<\/h2>\n<p>Sur notre site, les clients ont la possibilit\u00e9 de donner des \u00e9valuations de produits. Ces \u00e9valuations sont collect\u00e9es directement via notre boutique en ligne WooCommerce. <\/p>\n<h3>V\u00e9rification de l&rsquo;authenticit\u00e9<\/h3>\n<p>Nous ne v\u00e9rifions <strong>pas<\/strong> les \u00e9valuations pour voir si elles proviennent de personnes ayant r\u00e9ellement achet\u00e9 les produits. Il n&rsquo;est pas n\u00e9cessaire d&rsquo;acheter pour donner un avis. <\/p>\n<h3>Traitement des \u00e9valuations<\/h3>\n<ul>\n<li>Chaque \u00e9valuation soumise est v\u00e9rifi\u00e9e avant sa publication pour s&rsquo;assurer qu&rsquo;elle ne contient pas de contenu hors sujet ou de spam.<\/li>\n<li>Les \u00e9valuations ne sont pas obtenues en \u00e9change d&rsquo;une r\u00e9mun\u00e9ration, de remises ou d&rsquo;autres contreparties.<\/li>\n<li>Les \u00e9valuations ne sont ni filtr\u00e9es ni tri\u00e9es pour cr\u00e9er une image globale particuli\u00e8re.<\/li>\n<\/ul>\n<p>Si vous avez des questions sur nos \u00e9valuations, vous pouvez toujours nous contacter via notre <a href=\"https:\/\/letonkinois.de\/fr\/contact\/\">formulaire de contact<\/a>.<\/p>\n<p>[\/vc_column][\/vc_row]<\/p>\n<\/div>","protected":false},"excerpt":{"rendered":"<p>[vc_row][vc_column] Informations sur l&rsquo;authenticit\u00e9 des avis clients Sur notre site, les clients ont la possibilit\u00e9 de donner des \u00e9valuations de<\/p>\n","protected":false},"author":1,"featured_media":0,"parent":0,"menu_order":0,"comment_status":"closed","ping_status":"closed","template":"","meta":{"footnotes":""},"class_list":["post-11285","page","type-page","status-publish","hentry"],"yoast_head":"<!-- This site is optimized with the Yoast SEO plugin v26.9 - https:\/\/yoast.com\/product\/yoast-seo-wordpress\/ -->\n<title>Authenticit\u00e9 des \u00e9valuations - le tonkinois<\/title>\n<meta name=\"robots\" content=\"index, follow, max-snippet:-1, max-image-preview:large, max-video-preview:-1\" \/>\n<link rel=\"canonical\" href=\"https:\/\/letonkinois.de\/fr\/authenticite-des-evaluations\/\" \/>\n<meta property=\"og:locale\" content=\"fr_FR\" \/>\n<meta property=\"og:type\" content=\"article\" \/>\n<meta property=\"og:title\" content=\"Authenticit\u00e9 des \u00e9valuations - le tonkinois\" \/>\n<meta property=\"og:description\" content=\"[vc_row][vc_column] Informations sur l&rsquo;authenticit\u00e9 des avis clients Sur notre site, les clients ont la possibilit\u00e9 de donner des \u00e9valuations de\" \/>\n<meta property=\"og:url\" content=\"https:\/\/letonkinois.de\/fr\/authenticite-des-evaluations\/\" \/>\n<meta property=\"og:site_name\" content=\"le tonkinois\" \/>\n<meta property=\"article:modified_time\" content=\"2026-04-08T11:08:25+00:00\" \/>\n<meta name=\"twitter:card\" content=\"summary_large_image\" \/>\n<meta name=\"twitter:label1\" content=\"Dur\u00e9e de lecture estim\u00e9e\" \/>\n\t<meta name=\"twitter:data1\" content=\"1 minute\" \/>\n<script type=\"application\/ld+json\" class=\"yoast-schema-graph\">{\"@context\":\"https:\/\/schema.org\",\"@graph\":[{\"@type\":\"WebPage\",\"@id\":\"https:\/\/letonkinois.de\/fr\/authenticite-des-evaluations\/\",\"url\":\"https:\/\/letonkinois.de\/fr\/authenticite-des-evaluations\/\",\"name\":\"Authenticit\u00e9 des \u00e9valuations - le tonkinois\",\"isPartOf\":{\"@id\":\"https:\/\/letonkinois.de\/fr\/#website\"},\"datePublished\":\"2024-04-20T09:21:19+00:00\",\"dateModified\":\"2026-04-08T11:08:25+00:00\",\"breadcrumb\":{\"@id\":\"https:\/\/letonkinois.de\/fr\/authenticite-des-evaluations\/#breadcrumb\"},\"inLanguage\":\"fr-FR\",\"potentialAction\":[{\"@type\":\"ReadAction\",\"target\":[\"https:\/\/letonkinois.de\/fr\/authenticite-des-evaluations\/\"]}]},{\"@type\":\"BreadcrumbList\",\"@id\":\"https:\/\/letonkinois.de\/fr\/authenticite-des-evaluations\/#breadcrumb\",\"itemListElement\":[{\"@type\":\"ListItem\",\"position\":1,\"name\":\"Startseite\",\"item\":\"https:\/\/letonkinois.de\/fr\/\"},{\"@type\":\"ListItem\",\"position\":2,\"name\":\"Authenticit\u00e9 des \u00e9valuations\"}]},{\"@type\":\"WebSite\",\"@id\":\"https:\/\/letonkinois.de\/fr\/#website\",\"url\":\"https:\/\/letonkinois.de\/fr\/\",\"name\":\"le tonkinois\",\"description\":\"Le Tonkinois traditioneller Holzschutz\",\"publisher\":{\"@id\":\"https:\/\/letonkinois.de\/fr\/#organization\"},\"potentialAction\":[{\"@type\":\"SearchAction\",\"target\":{\"@type\":\"EntryPoint\",\"urlTemplate\":\"https:\/\/letonkinois.de\/fr\/?s={search_term_string}\"},\"query-input\":{\"@type\":\"PropertyValueSpecification\",\"valueRequired\":true,\"valueName\":\"search_term_string\"}}],\"inLanguage\":\"fr-FR\"},{\"@type\":\"Organization\",\"@id\":\"https:\/\/letonkinois.de\/fr\/#organization\",\"name\":\"le tonkinois\",\"url\":\"https:\/\/letonkinois.de\/fr\/\",\"logo\":{\"@type\":\"ImageObject\",\"inLanguage\":\"fr-FR\",\"@id\":\"https:\/\/letonkinois.de\/fr\/#\/schema\/logo\/image\/\",\"url\":\"https:\/\/letonkinois.de\/wp-content\/uploads\/2024\/07\/Unbenannt-1.png\",\"contentUrl\":\"https:\/\/letonkinois.de\/wp-content\/uploads\/2024\/07\/Unbenannt-1.png\",\"width\":512,\"height\":512,\"caption\":\"le tonkinois\"},\"image\":{\"@id\":\"https:\/\/letonkinois.de\/fr\/#\/schema\/logo\/image\/\"}}]}<\/script>\n<!-- \/ Yoast SEO plugin. -->","yoast_head_json":{"title":"Authenticit\u00e9 des \u00e9valuations - le tonkinois","robots":{"index":"index","follow":"follow","max-snippet":"max-snippet:-1","max-image-preview":"max-image-preview:large","max-video-preview":"max-video-preview:-1"},"canonical":"https:\/\/letonkinois.de\/fr\/authenticite-des-evaluations\/","og_locale":"fr_FR","og_type":"article","og_title":"Authenticit\u00e9 des \u00e9valuations - le tonkinois","og_description":"[vc_row][vc_column] Informations sur l&rsquo;authenticit\u00e9 des avis clients Sur notre site, les clients ont la possibilit\u00e9 de donner des \u00e9valuations de","og_url":"https:\/\/letonkinois.de\/fr\/authenticite-des-evaluations\/","og_site_name":"le tonkinois","article_modified_time":"2026-04-08T11:08:25+00:00","twitter_card":"summary_large_image","twitter_misc":{"Dur\u00e9e de lecture estim\u00e9e":"1 minute"},"schema":{"@context":"https:\/\/schema.org","@graph":[{"@type":"WebPage","@id":"https:\/\/letonkinois.de\/fr\/authenticite-des-evaluations\/","url":"https:\/\/letonkinois.de\/fr\/authenticite-des-evaluations\/","name":"Authenticit\u00e9 des \u00e9valuations - le tonkinois","isPartOf":{"@id":"https:\/\/letonkinois.de\/fr\/#website"},"datePublished":"2024-04-20T09:21:19+00:00","dateModified":"2026-04-08T11:08:25+00:00","breadcrumb":{"@id":"https:\/\/letonkinois.de\/fr\/authenticite-des-evaluations\/#breadcrumb"},"inLanguage":"fr-FR","potentialAction":[{"@type":"ReadAction","target":["https:\/\/letonkinois.de\/fr\/authenticite-des-evaluations\/"]}]},{"@type":"BreadcrumbList","@id":"https:\/\/letonkinois.de\/fr\/authenticite-des-evaluations\/#breadcrumb","itemListElement":[{"@type":"ListItem","position":1,"name":"Startseite","item":"https:\/\/letonkinois.de\/fr\/"},{"@type":"ListItem","position":2,"name":"Authenticit\u00e9 des \u00e9valuations"}]},{"@type":"WebSite","@id":"https:\/\/letonkinois.de\/fr\/#website","url":"https:\/\/letonkinois.de\/fr\/","name":"le tonkinois","description":"Le Tonkinois traditioneller Holzschutz","publisher":{"@id":"https:\/\/letonkinois.de\/fr\/#organization"},"potentialAction":[{"@type":"SearchAction","target":{"@type":"EntryPoint","urlTemplate":"https:\/\/letonkinois.de\/fr\/?s={search_term_string}"},"query-input":{"@type":"PropertyValueSpecification","valueRequired":true,"valueName":"search_term_string"}}],"inLanguage":"fr-FR"},{"@type":"Organization","@id":"https:\/\/letonkinois.de\/fr\/#organization","name":"le tonkinois","url":"https:\/\/letonkinois.de\/fr\/","logo":{"@type":"ImageObject","inLanguage":"fr-FR","@id":"https:\/\/letonkinois.de\/fr\/#\/schema\/logo\/image\/","url":"https:\/\/letonkinois.de\/wp-content\/uploads\/2024\/07\/Unbenannt-1.png","contentUrl":"https:\/\/letonkinois.de\/wp-content\/uploads\/2024\/07\/Unbenannt-1.png","width":512,"height":512,"caption":"le tonkinois"},"image":{"@id":"https:\/\/letonkinois.de\/fr\/#\/schema\/logo\/image\/"}}]}},"jetpack_sharing_enabled":true,"_links":{"self":[{"href":"https:\/\/letonkinois.de\/fr\/wp-json\/wp\/v2\/pages\/11285","targetHints":{"allow":["GET"]}}],"collection":[{"href":"https:\/\/letonkinois.de\/fr\/wp-json\/wp\/v2\/pages"}],"about":[{"href":"https:\/\/letonkinois.de\/fr\/wp-json\/wp\/v2\/types\/page"}],"author":[{"embeddable":true,"href":"https:\/\/letonkinois.de\/fr\/wp-json\/wp\/v2\/users\/1"}],"replies":[{"embeddable":true,"href":"https:\/\/letonkinois.de\/fr\/wp-json\/wp\/v2\/comments?post=11285"}],"version-history":[{"count":3,"href":"https:\/\/letonkinois.de\/fr\/wp-json\/wp\/v2\/pages\/11285\/revisions"}],"predecessor-version":[{"id":12363,"href":"https:\/\/letonkinois.de\/fr\/wp-json\/wp\/v2\/pages\/11285\/revisions\/12363"}],"wp:attachment":[{"href":"https:\/\/letonkinois.de\/fr\/wp-json\/wp\/v2\/media?parent=11285"}],"curies":[{"name":"wp","href":"https:\/\/api.w.org\/{rel}","templated":true}]}}