{"id":10755,"date":"2024-04-11T08:02:24","date_gmt":"2024-04-11T08:02:24","guid":{"rendered":"https:\/\/pixintcreators.de\/shop\/non%20class\u00e9\/letonkinois-gelomat\/"},"modified":"2026-04-14T07:04:34","modified_gmt":"2026-04-14T07:04:34","slug":"letonkinois-gelomat","status":"publish","type":"product","link":"https:\/\/letonkinois.de\/fr\/shop\/peintures-de-haute-qualite\/letonkinois-gelomat\/","title":{"rendered":"Le Tonkinois G\u00e9lomat"},"content":{"rendered":"<div class=\"wpb-content-wrapper\"><p>[vc_row][vc_column]<\/p>\n<div class=\"wd-text-block wd-wpb reset-last-child text-left\">\n<h4><strong>Le syst\u00e8me Le Tonkinois en bref<\/strong><\/h4>\n<p>G\u00e9lomat n&rsquo;est pas un vernis \u00e0 part enti\u00e8re, mais le compl\u00e9ment matifiant de Le Tonkinois <a href=\"https:\/\/letonkinois.de\/fr\/shop\/peintures-de-haute-qualite\/letonkinois-vernis-le-vernis-premium-pour-bois-et-metal-pour-les-exigences-les-plus-elevees\/\">Vernis<\/a> ou <a href=\"https:\/\/letonkinois.de\/fr\/shop\/peintures-de-haute-qualite\/letonkinois-vernis-marine-no-1-le-vernis-marin-specialise-pour-les-plus-hautes-exigences\/\">Marine No. 1<\/a>. Le syst\u00e8me Le Tonkinois fonctionne ainsi : <a href=\"https:\/\/letonkinois.de\/fr\/shop\/apprets\/le-tonkinois-bio-impression-lhuile-dappret-naturelle-pour-une-impregnation-parfaite-du-bois\/\">Bio Impression<\/a> pr\u00e9pare le bois et uniformise le pouvoir absorbant, Vernis (int\u00e9rieur et ext\u00e9rieur prot\u00e9g\u00e9) ou Marine No. 1 (ext\u00e9rieur expos\u00e9, bateaux) forme le film protecteur en plusieurs couches. G\u00e9lomat n&rsquo;est m\u00e9lang\u00e9 qu&rsquo;\u00e0 la derni\u00e8re ou aux deux derni\u00e8res couches et y contr\u00f4le le degr\u00e9 de brillance &#8211; de semi-brillant (1:3) \u00e0 tr\u00e8s mat (1:1) en passant par semi-mat (1:2). G\u00e9lomat est toujours combin\u00e9 avec Vernis ou Marine No. 1.   <\/p>\n<\/div>\n<p>[\/vc_column][\/vc_row]<br \/>\n[vc_row][vc_column width=\u00a0\u00bb1\/2&Prime;]<\/p>\n<div id=\"wd-66179c55bd897\" class=\"wd-text-block wd-wpb reset-last-child wd-rs-66179c55bd897 text-left \">\n<h4><strong>Niveaux de mat \u00e0 la demande :<\/strong><\/h4>\n<p>M\u00e9langez G\u00e9lomat \u00e0 votre vernis Le Tonkinois avant de l&rsquo;appliquer, selon le r\u00e9sultat souhait\u00e9 :<\/p>\n<ul>\n<li><strong>Tr\u00e8s mat :<\/strong> G\u00e9lomat et vernis \u00e0 parts \u00e9gales (1:1)<\/li>\n<li><strong>Satin\u00e9e, semi-mate :<\/strong> 1 volume de G\u00e9lomat avec 2 volumes de vernis (1:2)<\/li>\n<li><strong>Semi-brillant (effet satin\u00e9) :<\/strong> 1 volume de G\u00e9lomat avec 3 volumes de vernis (1:3)<\/li>\n<\/ul>\n<p><strong>Important :<\/strong> M\u00e9langez G\u00e9lomat uniquement dans la derni\u00e8re ou les deux derni\u00e8res couches &#8211; pas dans les couches de base. Utilisez le m\u00eame rapport de m\u00e9lange pour chaque couche. Pour les peintures, la moiti\u00e9 de la quantit\u00e9 de G\u00e9lomat indiqu\u00e9e suffit.  <\/p>\n<\/p>\n<\/div>\n<p>[\/vc_column][vc_column width=\u00a0\u00bb1\/2&Prime;]\t\t<\/p>\n<div id=\"wd-66179c5dc303c\" class=\"wd-text-block wd-wpb reset-last-child wd-rs-66179c5dc303c text-left \">\n<h4><strong>Bon \u00e0 savoir :<\/strong><\/h4>\n<p>G\u00e9lomat a une consistance de gel, mais il fluidifie compl\u00e8tement la peinture lors du m\u00e9lange &#8211; vous n&rsquo;avez pas besoin de diluant suppl\u00e9mentaire. Le nombre de couches reste le m\u00eame que sans G\u00e9lomat. <\/p>\n<p>Bien refermer le bidon apr\u00e8s utilisation et le stocker \u00e0 l&rsquo;abri de toute source de chaleur (inflammable).<\/p>\n<\/p>\n<\/div>\n<p>[\/vc_column][\/vc_row]<\/p>\n<\/div>","protected":false},"excerpt":{"rendered":"<p>G\u00e9lomat donne \u00e0 votre vernis Le Tonkinois un \u00e9clat mat ou satin\u00e9. Il suffit de le m\u00e9langer au produit avant de l&rsquo;appliquer et le tour est jou\u00e9. <\/p>\n<p><strong>Bien m\u00e9langer G\u00e9lomat avant utilisation.<\/strong><\/p>\n<p>Fiche technique : <a href=\"https:\/\/letonkinois.de\/wp-content\/uploads\/2024\/04\/TM_DE_Le-Tonkinois-Gelomat.pdf\">TM_FR_Le Tonkinois Gelomat<\/a><\/p>\n","protected":false},"featured_media":10451,"comment_status":"open","ping_status":"closed","template":"","meta":[],"product_brand":[],"product_cat":[175],"product_tag":[],"class_list":{"0":"post-10755","1":"product","2":"type-product","3":"status-publish","4":"has-post-thumbnail","6":"product_cat-peintures-de-haute-qualite","8":"first","9":"instock","10":"taxable","11":"shipping-taxable","12":"purchasable","13":"product-type-variable","14":"has-default-attributes"},"yoast_head":"<!-- This site is optimized with the Yoast SEO plugin v26.9 - https:\/\/yoast.com\/product\/yoast-seo-wordpress\/ -->\n<title>Le Tonkinois G\u00e9lomat \u00e0 partir de 14,30 \u20ac | Faire de la laque mate<\/title>\n<meta name=\"description\" content=\"Agent de matage pour tous les vernis Le Tonkinois - \u00e0 m\u00e9langer simplement pour un matage continu de tr\u00e8s mat \u00e0 satin\u00e9. \u2713 A partir de 14,30 \u20ac.\" \/>\n<meta name=\"robots\" content=\"index, follow, max-snippet:-1, max-image-preview:large, max-video-preview:-1\" \/>\n<link rel=\"canonical\" href=\"https:\/\/letonkinois.de\/fr\/shop\/peintures-de-haute-qualite\/letonkinois-gelomat\/\" \/>\n<meta property=\"og:locale\" content=\"fr_FR\" \/>\n<meta property=\"og:type\" content=\"article\" \/>\n<meta property=\"og:title\" content=\"Le Tonkinois G\u00e9lomat \u00e0 partir de 14,30 \u20ac | Faire de la laque mate\" \/>\n<meta property=\"og:description\" content=\"Agent de matage pour tous les vernis Le Tonkinois - \u00e0 m\u00e9langer simplement pour un matage continu de tr\u00e8s mat \u00e0 satin\u00e9. \u2713 A partir de 14,30 \u20ac.\" \/>\n<meta property=\"og:url\" content=\"https:\/\/letonkinois.de\/fr\/shop\/peintures-de-haute-qualite\/letonkinois-gelomat\/\" \/>\n<meta property=\"og:site_name\" content=\"le tonkinois\" \/>\n<meta property=\"article:modified_time\" content=\"2026-04-14T07:04:34+00:00\" \/>\n<meta property=\"og:image\" content=\"https:\/\/letonkinois.de\/wp-content\/uploads\/2024\/04\/23.png\" \/>\n\t<meta property=\"og:image:width\" content=\"1000\" \/>\n\t<meta property=\"og:image:height\" content=\"1000\" \/>\n\t<meta property=\"og:image:type\" content=\"image\/png\" \/>\n<meta name=\"twitter:card\" content=\"summary_large_image\" \/>\n<meta name=\"twitter:label1\" content=\"Dur\u00e9e de lecture estim\u00e9e\" \/>\n\t<meta name=\"twitter:data1\" content=\"1 minute\" \/>\n<script type=\"application\/ld+json\" class=\"yoast-schema-graph\">{\"@context\":\"https:\/\/schema.org\",\"@graph\":[{\"@type\":\"WebPage\",\"@id\":\"https:\/\/letonkinois.de\/fr\/shop\/peintures-de-haute-qualite\/letonkinois-gelomat\/\",\"url\":\"https:\/\/letonkinois.de\/fr\/shop\/peintures-de-haute-qualite\/letonkinois-gelomat\/\",\"name\":\"Le Tonkinois G\u00e9lomat \u00e0 partir de 14,30 \u20ac | Faire de la laque mate\",\"isPartOf\":{\"@id\":\"https:\/\/letonkinois.de\/fr\/#website\"},\"primaryImageOfPage\":{\"@id\":\"https:\/\/letonkinois.de\/fr\/shop\/peintures-de-haute-qualite\/letonkinois-gelomat\/#primaryimage\"},\"image\":{\"@id\":\"https:\/\/letonkinois.de\/fr\/shop\/peintures-de-haute-qualite\/letonkinois-gelomat\/#primaryimage\"},\"thumbnailUrl\":\"https:\/\/letonkinois.de\/wp-content\/uploads\/2024\/04\/23.png\",\"datePublished\":\"2024-04-11T08:02:24+00:00\",\"dateModified\":\"2026-04-14T07:04:34+00:00\",\"description\":\"Agent de matage pour tous les vernis Le Tonkinois - \u00e0 m\u00e9langer simplement pour un matage continu de tr\u00e8s mat \u00e0 satin\u00e9. \u2713 A partir de 14,30 \u20ac.\",\"breadcrumb\":{\"@id\":\"https:\/\/letonkinois.de\/fr\/shop\/peintures-de-haute-qualite\/letonkinois-gelomat\/#breadcrumb\"},\"inLanguage\":\"fr-FR\",\"potentialAction\":[{\"@type\":\"ReadAction\",\"target\":[\"https:\/\/letonkinois.de\/fr\/shop\/peintures-de-haute-qualite\/letonkinois-gelomat\/\"]}]},{\"@type\":\"ImageObject\",\"inLanguage\":\"fr-FR\",\"@id\":\"https:\/\/letonkinois.de\/fr\/shop\/peintures-de-haute-qualite\/letonkinois-gelomat\/#primaryimage\",\"url\":\"https:\/\/letonkinois.de\/wp-content\/uploads\/2024\/04\/23.png\",\"contentUrl\":\"https:\/\/letonkinois.de\/wp-content\/uploads\/2024\/04\/23.png\",\"width\":1000,\"height\":1000},{\"@type\":\"BreadcrumbList\",\"@id\":\"https:\/\/letonkinois.de\/fr\/shop\/peintures-de-haute-qualite\/letonkinois-gelomat\/#breadcrumb\",\"itemListElement\":[{\"@type\":\"ListItem\",\"position\":1,\"name\":\"Startseite\",\"item\":\"https:\/\/letonkinois.de\/fr\/\"},{\"@type\":\"ListItem\",\"position\":2,\"name\":\"Boutique\",\"item\":\"https:\/\/letonkinois.de\/fr\/boutique\/\"},{\"@type\":\"ListItem\",\"position\":3,\"name\":\"Le Tonkinois G\u00e9lomat\"}]},{\"@type\":\"WebSite\",\"@id\":\"https:\/\/letonkinois.de\/fr\/#website\",\"url\":\"https:\/\/letonkinois.de\/fr\/\",\"name\":\"le tonkinois\",\"description\":\"Le Tonkinois traditioneller Holzschutz\",\"publisher\":{\"@id\":\"https:\/\/letonkinois.de\/fr\/#organization\"},\"potentialAction\":[{\"@type\":\"SearchAction\",\"target\":{\"@type\":\"EntryPoint\",\"urlTemplate\":\"https:\/\/letonkinois.de\/fr\/?s={search_term_string}\"},\"query-input\":{\"@type\":\"PropertyValueSpecification\",\"valueRequired\":true,\"valueName\":\"search_term_string\"}}],\"inLanguage\":\"fr-FR\"},{\"@type\":\"Organization\",\"@id\":\"https:\/\/letonkinois.de\/fr\/#organization\",\"name\":\"le tonkinois\",\"url\":\"https:\/\/letonkinois.de\/fr\/\",\"logo\":{\"@type\":\"ImageObject\",\"inLanguage\":\"fr-FR\",\"@id\":\"https:\/\/letonkinois.de\/fr\/#\/schema\/logo\/image\/\",\"url\":\"https:\/\/letonkinois.de\/wp-content\/uploads\/2024\/07\/Unbenannt-1.png\",\"contentUrl\":\"https:\/\/letonkinois.de\/wp-content\/uploads\/2024\/07\/Unbenannt-1.png\",\"width\":512,\"height\":512,\"caption\":\"le tonkinois\"},\"image\":{\"@id\":\"https:\/\/letonkinois.de\/fr\/#\/schema\/logo\/image\/\"}}]}<\/script>\n<!-- \/ Yoast SEO plugin. -->","yoast_head_json":{"title":"Le Tonkinois G\u00e9lomat \u00e0 partir de 14,30 \u20ac | Faire de la laque mate","description":"Agent de matage pour tous les vernis Le Tonkinois - \u00e0 m\u00e9langer simplement pour un matage continu de tr\u00e8s mat \u00e0 satin\u00e9. \u2713 A partir de 14,30 \u20ac.","robots":{"index":"index","follow":"follow","max-snippet":"max-snippet:-1","max-image-preview":"max-image-preview:large","max-video-preview":"max-video-preview:-1"},"canonical":"https:\/\/letonkinois.de\/fr\/shop\/peintures-de-haute-qualite\/letonkinois-gelomat\/","og_locale":"fr_FR","og_type":"article","og_title":"Le Tonkinois G\u00e9lomat \u00e0 partir de 14,30 \u20ac | Faire de la laque mate","og_description":"Agent de matage pour tous les vernis Le Tonkinois - \u00e0 m\u00e9langer simplement pour un matage continu de tr\u00e8s mat \u00e0 satin\u00e9. \u2713 A partir de 14,30 \u20ac.","og_url":"https:\/\/letonkinois.de\/fr\/shop\/peintures-de-haute-qualite\/letonkinois-gelomat\/","og_site_name":"le tonkinois","article_modified_time":"2026-04-14T07:04:34+00:00","og_image":[{"width":1000,"height":1000,"url":"https:\/\/letonkinois.de\/wp-content\/uploads\/2024\/04\/23.png","type":"image\/png"}],"twitter_card":"summary_large_image","twitter_misc":{"Dur\u00e9e de lecture estim\u00e9e":"1 minute"},"schema":{"@context":"https:\/\/schema.org","@graph":[{"@type":"WebPage","@id":"https:\/\/letonkinois.de\/fr\/shop\/peintures-de-haute-qualite\/letonkinois-gelomat\/","url":"https:\/\/letonkinois.de\/fr\/shop\/peintures-de-haute-qualite\/letonkinois-gelomat\/","name":"Le Tonkinois G\u00e9lomat \u00e0 partir de 14,30 \u20ac | Faire de la laque mate","isPartOf":{"@id":"https:\/\/letonkinois.de\/fr\/#website"},"primaryImageOfPage":{"@id":"https:\/\/letonkinois.de\/fr\/shop\/peintures-de-haute-qualite\/letonkinois-gelomat\/#primaryimage"},"image":{"@id":"https:\/\/letonkinois.de\/fr\/shop\/peintures-de-haute-qualite\/letonkinois-gelomat\/#primaryimage"},"thumbnailUrl":"https:\/\/letonkinois.de\/wp-content\/uploads\/2024\/04\/23.png","datePublished":"2024-04-11T08:02:24+00:00","dateModified":"2026-04-14T07:04:34+00:00","description":"Agent de matage pour tous les vernis Le Tonkinois - \u00e0 m\u00e9langer simplement pour un matage continu de tr\u00e8s mat \u00e0 satin\u00e9. \u2713 A partir de 14,30 \u20ac.","breadcrumb":{"@id":"https:\/\/letonkinois.de\/fr\/shop\/peintures-de-haute-qualite\/letonkinois-gelomat\/#breadcrumb"},"inLanguage":"fr-FR","potentialAction":[{"@type":"ReadAction","target":["https:\/\/letonkinois.de\/fr\/shop\/peintures-de-haute-qualite\/letonkinois-gelomat\/"]}]},{"@type":"ImageObject","inLanguage":"fr-FR","@id":"https:\/\/letonkinois.de\/fr\/shop\/peintures-de-haute-qualite\/letonkinois-gelomat\/#primaryimage","url":"https:\/\/letonkinois.de\/wp-content\/uploads\/2024\/04\/23.png","contentUrl":"https:\/\/letonkinois.de\/wp-content\/uploads\/2024\/04\/23.png","width":1000,"height":1000},{"@type":"BreadcrumbList","@id":"https:\/\/letonkinois.de\/fr\/shop\/peintures-de-haute-qualite\/letonkinois-gelomat\/#breadcrumb","itemListElement":[{"@type":"ListItem","position":1,"name":"Startseite","item":"https:\/\/letonkinois.de\/fr\/"},{"@type":"ListItem","position":2,"name":"Boutique","item":"https:\/\/letonkinois.de\/fr\/boutique\/"},{"@type":"ListItem","position":3,"name":"Le Tonkinois G\u00e9lomat"}]},{"@type":"WebSite","@id":"https:\/\/letonkinois.de\/fr\/#website","url":"https:\/\/letonkinois.de\/fr\/","name":"le tonkinois","description":"Le Tonkinois traditioneller Holzschutz","publisher":{"@id":"https:\/\/letonkinois.de\/fr\/#organization"},"potentialAction":[{"@type":"SearchAction","target":{"@type":"EntryPoint","urlTemplate":"https:\/\/letonkinois.de\/fr\/?s={search_term_string}"},"query-input":{"@type":"PropertyValueSpecification","valueRequired":true,"valueName":"search_term_string"}}],"inLanguage":"fr-FR"},{"@type":"Organization","@id":"https:\/\/letonkinois.de\/fr\/#organization","name":"le tonkinois","url":"https:\/\/letonkinois.de\/fr\/","logo":{"@type":"ImageObject","inLanguage":"fr-FR","@id":"https:\/\/letonkinois.de\/fr\/#\/schema\/logo\/image\/","url":"https:\/\/letonkinois.de\/wp-content\/uploads\/2024\/07\/Unbenannt-1.png","contentUrl":"https:\/\/letonkinois.de\/wp-content\/uploads\/2024\/07\/Unbenannt-1.png","width":512,"height":512,"caption":"le tonkinois"},"image":{"@id":"https:\/\/letonkinois.de\/fr\/#\/schema\/logo\/image\/"}}]}},"_links":{"self":[{"href":"https:\/\/letonkinois.de\/fr\/wp-json\/wp\/v2\/product\/10755","targetHints":{"allow":["GET"]}}],"collection":[{"href":"https:\/\/letonkinois.de\/fr\/wp-json\/wp\/v2\/product"}],"about":[{"href":"https:\/\/letonkinois.de\/fr\/wp-json\/wp\/v2\/types\/product"}],"replies":[{"embeddable":true,"href":"https:\/\/letonkinois.de\/fr\/wp-json\/wp\/v2\/comments?post=10755"}],"wp:featuredmedia":[{"embeddable":true,"href":"https:\/\/letonkinois.de\/fr\/wp-json\/wp\/v2\/media\/10451"}],"wp:attachment":[{"href":"https:\/\/letonkinois.de\/fr\/wp-json\/wp\/v2\/media?parent=10755"}],"wp:term":[{"taxonomy":"product_brand","embeddable":true,"href":"https:\/\/letonkinois.de\/fr\/wp-json\/wp\/v2\/product_brand?post=10755"},{"taxonomy":"product_cat","embeddable":true,"href":"https:\/\/letonkinois.de\/fr\/wp-json\/wp\/v2\/product_cat?post=10755"},{"taxonomy":"product_tag","embeddable":true,"href":"https:\/\/letonkinois.de\/fr\/wp-json\/wp\/v2\/product_tag?post=10755"}],"curies":[{"name":"wp","href":"https:\/\/api.w.org\/{rel}","templated":true}]}}