{"id":11292,"date":"2024-04-12T08:18:26","date_gmt":"2024-04-12T08:18:26","guid":{"rendered":"https:\/\/pixintcreators.de\/shop\/non%20class\u00e9\/le-tonkinois-huile-pour-yacht-acajou-025-l\/"},"modified":"2026-04-11T20:35:18","modified_gmt":"2026-04-11T20:35:18","slug":"le-tonkinois-huile-pour-yacht-acajou-025-l","status":"publish","type":"product","link":"https:\/\/letonkinois.de\/fr\/shop\/teinture\/le-tonkinois-huile-pour-yacht-acajou-025-l\/","title":{"rendered":"Le Tonkinois Huile pour Yacht &#8211; Acajou &#8211; 0,25 L"},"content":{"rendered":"<div class=\"wpb-content-wrapper\"><p>[vc_row content_placement=\u00a0\u00bbtop\u00a0\u00bb][vc_column width=\u00a0\u00bb1\/3&Prime;]\t\t<\/p>\n<div id=\"wd-661809a896e6f\" class=\"wd-text-block wd-wpb reset-last-child wd-rs-661809a896e6f text-left \">\n<h4><strong>Principales caract\u00e9ristiques :<\/strong><\/h4>\n<p>Cette teinture \u00e0 base d&rsquo;huile assure une coloration uniforme, naturelle et en profondeur des pores du bois, sans le rendre imperm\u00e9able. Id\u00e9al pour la construction de bateaux et <span class=\"a-list-item\">les surfaces en bois sollicit\u00e9es.<\/span> Egalise les diff\u00e9rences de couleur qui peuvent appara\u00eetre lors de travaux de finition tels que le rabotage ou le pon\u00e7age des bois.<\/p>\n<\/p>\n<\/div>\n<p>\t\t[\/vc_column][vc_column width=\u00a0\u00bb1\/3&Prime; css=\u00a0\u00bb.vc_custom_1490694541710{padding-top: 0px !important;}\u00a0\u00bb]\t\t<\/p>\n<div id=\"wd-661809f5b0147\" class=\"wd-text-block wd-wpb reset-last-child wd-rs-661809f5b0147 text-left \">\n<h4>Application :<\/h4>\n<p>La teinture \u00e0 l&rsquo;huile Yacht est appliqu\u00e9e 1 \u00e0 3 fois au pinceau\/\u00e0 la brosse avec un l\u00e9ger pon\u00e7age interm\u00e9diaire jusqu&rsquo;\u00e0 l&rsquo;obtention de la teinte souhait\u00e9e. Agiter soigneusement avant utilisation. Apr\u00e8s un court temps d&rsquo;action, r\u00e9partissez \u00e0 nouveau l&rsquo;huile en exc\u00e8s de mani\u00e8re uniforme \u00e0 l&rsquo;aide d&rsquo;un pinceau. Temps de s\u00e9chage entre les applications : environ 8 heures. Apr\u00e8s s\u00e9chage complet (environ 12 heures), la teinture \u00e0 l&rsquo;huile doit \u00eatre vitrifi\u00e9e avec Le Tonkinois Marine n\u00b0 1 ou Vernis 1 \u00e0 2 fois afin d&rsquo;obtenir une protection compl\u00e8te de la surface. A l&rsquo;int\u00e9rieur, ce n&rsquo;est pas obligatoire.<\/p>\n<ul class=\"a-unordered-list a-vertical a-spacing-mini\">\n<li class=\"a-spacing-mini\"><span class=\"a-list-item\">250ml de teinture \u00e0 l&rsquo;huile en bouteille de verre pour environ 5m\u00b2.<\/span><\/li>\n<\/ul>\n<\/div>\n<p>\t\t[\/vc_column][vc_column width=\u00a0\u00bb1\/3&Prime;]\t\t<\/p>\n<div id=\"wd-66180952c9751\" class=\"wd-text-block wd-wpb reset-last-child wd-rs-66180952c9751 text-left \">\n<h4><strong>Traitement ult\u00e9rieur :<\/strong><\/h4>\n<p>Apr\u00e8s s\u00e9chage complet (environ 12 heures), la teinture \u00e0 l&rsquo;huile doit \u00eatre vitrifi\u00e9e avec Le Tonkinois Marine n\u00b0 1 ou Vernis 1 \u00e0 2 fois afin d&rsquo;obtenir une protection compl\u00e8te de la surface.<\/p>\n<p>A l&rsquo;int\u00e9rieur, ce n&rsquo;est pas obligatoire.<\/p>\n<p>Nettoyer l&rsquo;outil avec le diluant Le Tonkinois. Conserver bien ferm\u00e9, au sec, au frais mais \u00e0 l&rsquo;abri du gel.<\/p>\n<\/p>\n<\/div>\n<p>\t\t[\/vc_column][\/vc_row][vc_section][vc_row][vc_column]<\/p>\n<style>.vc_custom_1713089042264{margin-bottom: 50px !important;background-image: url(https:\/\/pixintcreators.de\/wp-content\/uploads\/2021\/07\/heart-1288420_1280.jpg?id=9774) !important;background-position: center !important;background-repeat: no-repeat !important;background-size: cover !important;}#wd-661baca83dcea .title-subtitle{color:#dd3333;}@media (max-width: 767px) {html .wd-rs-661ba9ea46df0{margin-bottom:30px !important;}}<\/style>\n<div class=\"wpb-content-wrapper\">[vc_section][vc_row woodmart_css_id=\u00a0\u00bb661ba32c773dc\u00a0\u00bb mobile_bg_img_hidden=\u00a0\u00bbno\u00a0\u00bb tablet_bg_img_hidden=\u00a0\u00bbno\u00a0\u00bb woodmart_parallax=\u00a0\u00bb0&Prime; woodmart_gradient_switch=\u00a0\u00bbno\u00a0\u00bb woodmart_box_shadow=\u00a0\u00bbno\u00a0\u00bb wd_z_index=\u00a0\u00bbno\u00a0\u00bb woodmart_disable_overflow=\u00a0\u00bb0&Prime; row_reverse_mobile=\u00a0\u00bb0&Prime; row_reverse_tablet=\u00a0\u00bb0&Prime;][vc_column]<\/p>\n<div id=\"wd-661baca83dcea\" class=\"title-wrapper wd-wpb wd-set-mb reset-last-child wd-rs-661baca83dcea wd-title-color-default wd-title-style-default text-center wd-underline-colored\">\n<div class=\"title-subtitle subtitle-color-default font-default subtitle-style-default wd-font-weight-600 wd-fontsize-xs\">VOYEZ LA DIFF\u00c9RENCE<\/div>\n<div class=\"liner-continer\">\n<h4 class=\"woodmart-title-container title wd-font-weight- wd-fontsize-xxl\">Personnalisez l&rsquo;intensit\u00e9 de votre teinte \u00e0 chaque couche<\/h4>\n<\/p>\n<\/div>\n<div class=\"title-after_title reset-last-child wd-fontsize-s\">Personnalisez la teinte en appliquant plusieurs couches. Chaque couche suppl\u00e9mentaire intensifie la couleur, ce qui vous permet d&rsquo;obtenir la profondeur et l&rsquo;effet parfaits pour votre projet. Pour une finition optimis\u00e9e et une brillance suppl\u00e9mentaire, nous vous recommandons d&rsquo;appliquer notre vernis Marine N\u00b01. Cela renforce non seulement l&rsquo;\u00e9clat de la couleur, mais la prot\u00e8ge \u00e9galement \u00e0 long terme.   <\/div>\n<\/div>\n<p>\t\t[\/vc_column][\/vc_row][vc_row css=\u00a0\u00bb.vc_custom_1713089042264{margin-bottom: 50px !important;background-image: url(https:\/\/pixintcreators.de\/wp-content\/uploads\/2021\/07\/heart-1288420_1280.jpg?id=9774) !important;background-position: center !important;background-repeat: no-repeat !important;background-size: cover !important;}\u00a0\u00bb wd_z_index=\u00a0\u00bbno\u00a0\u00bb woodmart_css_id=\u00a0\u00bb661ba9ea46df0&Prime; responsive_spacing=\u00a0\u00bbeyJwYXJhbV90eXBlIjoid29vZG1hcnRfcmVzcG9uc2l2ZV9zcGFjaW5nIiwic2VsZWN0b3JfaWQiOiI2NjFiYTllYTQ2ZGYwIiwic2hvcnRjb2RlIjoidmNfcm93IiwiZGF0YSI6eyJ0YWJsZXQiOnt9LCJtb2JpbGUiOnsibWFyZ2luLWJvdHRvbSI6IjMwcHgifX19&Prime; mobile_bg_img_hidden=\u00a0\u00bbno\u00a0\u00bb tablet_bg_img_hidden=\u00a0\u00bbno\u00a0\u00bb woodmart_parallax=\u00a0\u00bb0&Prime; woodmart_gradient_switch=\u00a0\u00bbyes\u00a0\u00bb row_reverse_mobile=\u00a0\u00bb0&Prime; row_reverse_tablet=\u00a0\u00bb0&Prime; woodmart_disable_overflow=\u00a0\u00bb0&Prime; woodmart_box_shadow=\u00a0\u00bbno\u00a0\u00bb woodmart_color_gradient=\u00a0\u00bbrgba(0, 0, 0, 0.6)-0\/rgb(0, 0, 0)-32\/rgb(0, 0, 0)-62\/rgba(0, 0, 0, 0.6)-100\/|linear-gradient(left , rgba(0, 0, 0, 0.6) , rgb(0, 0, 0) 32% , rgb(0, 0, 0) 62% , rgba(0, 0, 0, 0.6) 100%)|linear|left\u00a0\u00bb][vc_column width=\u00a0\u00bb1\/4&Prime; offset=\u00a0\u00bbvc_col-lg-3 vc_col-md-3&Prime;]\t\t<\/p>\n<div class=\"wd-spots wd-rs-661ba78e7ca52 wd-event-hover hotspot-icon-default color-scheme-dark wd-hotspot-static \">\n<div class=\"wd-image-hotspot-hotspots\">\n\t\t\t\t<img decoding=\"async\" width=\"600\" height=\"400\" src=\"https:\/\/letonkinois.de\/wp-content\/uploads\/2024\/04\/1-3.png\" class=\"wd-image-hotspot-img\" alt=\"\">\t\t\t<\/div>\n<\/div>\n<div id=\"wd-661baa8dee70d\" class=\"wd-text-block wd-wpb reset-last-child wd-rs-661baa8dee70d text-left color-scheme-light \">\n<h3 style=\"text-align: center\">Original<\/h3>\n<\/p>\n<\/div>\n<p>\t\t[\/vc_column][vc_column width=\u00a0\u00bb1\/4&Prime; offset=\u00a0\u00bbvc_col-lg-3 vc_col-md-3&Prime;]\t\t<\/p>\n<div class=\"wd-spots wd-rs-661ba7b3ee8bc wd-event-hover hotspot-icon-default color-scheme-dark wd-hotspot-static \">\n<div class=\"wd-image-hotspot-hotspots\">\n\t\t\t\t<img decoding=\"async\" width=\"600\" height=\"400\" src=\"https:\/\/letonkinois.de\/wp-content\/uploads\/2024\/04\/2-3.png\" class=\"wd-image-hotspot-img\" alt=\"\">\t\t\t<\/div>\n<\/div>\n<div id=\"wd-661baac0b279b\" class=\"wd-text-block wd-wpb reset-last-child wd-rs-661baac0b279b text-left color-scheme-light \">\n<h3 style=\"text-align: center\">1 application<\/h3>\n<\/p>\n<\/div>\n<p>\t\t[\/vc_column][vc_column width=\u00a0\u00bb1\/4&Prime; offset=\u00a0\u00bbvc_col-lg-3 vc_col-md-3&Prime;]\t\t<\/p>\n<div class=\"wd-spots wd-rs-661ba7d0e0739 wd-event-hover hotspot-icon-default color-scheme-dark wd-hotspot-static \">\n<div class=\"wd-image-hotspot-hotspots\">\n\t\t\t\t<img decoding=\"async\" width=\"600\" height=\"400\" src=\"https:\/\/letonkinois.de\/wp-content\/uploads\/2024\/04\/3-4.png\" class=\"wd-image-hotspot-img\" alt=\"\">\t\t\t<\/div>\n<\/div>\n<div id=\"wd-661baacf7af78\" class=\"wd-text-block wd-wpb reset-last-child wd-rs-661baacf7af78 text-left color-scheme-light \">\n<h3 style=\"text-align: center\">Appliquer 2 fois<\/h3>\n<\/p>\n<\/div>\n<p>\t\t[\/vc_column][vc_column width=\u00a0\u00bb1\/4&Prime; offset=\u00a0\u00bbvc_col-lg-3 vc_col-md-3&Prime;]\t\t<\/p>\n<div class=\"wd-spots wd-rs-661ba848a42a5 wd-event-hover hotspot-icon-default color-scheme-dark wd-hotspot-static \">\n<div class=\"wd-image-hotspot-hotspots\">\n\t\t\t\t<img decoding=\"async\" width=\"600\" height=\"400\" src=\"https:\/\/letonkinois.de\/wp-content\/uploads\/2024\/04\/4-3.png\" class=\"wd-image-hotspot-img\" alt=\"\"><\/p>\n<div class=\"wd-image-hotspot hotspot-type-product\" style=\"left: 50%;top: 50%\"><span class=\"hotspot-sonar\"><\/span><\/p>\n<div class=\"hotspot-btn wd-role-btn wd-fill\"><\/div>\n<div class=\"hotspot-product hotspot-content hotspot-dropdown-left\">\n<div class=\"hotspot-content-image\"><a href=\"https:\/\/letonkinois.de\/fr\/shop\/peintures-de-haute-qualite\/letonkinois-vernis-marine-no-1-le-vernis-marin-specialise-pour-les-plus-hautes-exigences\/\"><img decoding=\"async\" width=\"430\" height=\"430\" src=\"https:\/\/letonkinois.de\/wp-content\/uploads\/2017\/06\/Marine-NO-1-1-Liter-neu-002-430x430.png\" class=\"attachment-woocommerce_thumbnail size-woocommerce_thumbnail\" alt=\"Le Tonkinois Marine No. 1 - Durcisseur, plus r\u00e9sistant aux rayures, pour une utilisation extr\u00eame\"><\/a><\/div>\n<h4 class=\"wd-entities-title\"><a href=\"https:\/\/letonkinois.de\/fr\/shop\/peintures-de-haute-qualite\/letonkinois-vernis-marine-no-1-le-vernis-marin-specialise-pour-les-plus-hautes-exigences\/\">Le Tonkinois Marine No. 1 &#8211; Durcisseur, plus r\u00e9sistant aux rayures, pour une utilisation extr\u00eame<\/a><\/h4>\n<div class=\"star-rating\" role=\"img\" aria-label=\"Bewertet mit 4.67 von 5\"><span style=\"width:93.4%\">Not\u00e9 <strong class=\"rating\">4.67<\/strong> sur 5, bas\u00e9 sur <span class=\"rating\">3<\/span> \u00e9valuations de clients<\/span><\/div>\n<div class=\"price\"><span class=\"woocommerce-Price-amount amount\">44,70 <span class=\"woocommerce-Price-currencySymbol\">\u20ac<\/span><\/span> &#8211; <span class=\"woocommerce-Price-amount amount\">81,80 <span class=\"woocommerce-Price-currencySymbol\">\u20ac<\/span><\/span> <small class=\"woocommerce-price-suffix\">TVA incluse <\/small><\/div>\n<div class=\"hotspot-content-text wd-more-desc reset-last-child\">\n<div class=\"wd-more-desc-inner\">Marine No. 1 est plus dur et plus r\u00e9sistant aux rayures que Vernis et contient des pigments transparents de protection contre les UV. Le bon choix pour les surfaces ext\u00e9rieures expos\u00e9es : Ponts de bateaux, coques, pontons et terrasses expos\u00e9s plein sud. <\/p>\n<p>Fiche technique : <a href=\"https:\/\/letonkinois.de\/wp-content\/uploads\/2017\/06\/TM_DE_Le-Tonkinois-Marine-No.1.pdf\">TM_FR_Le Tonkinois Marine-No.1<\/a><\/div>\n<p><a href=\"#\" rel=\"nofollow\" class=\"wd-more-desc-btn\" aria-label=\"Lesen Sie die Beschreibung\"><\/a><\/div>\n<p><a href=\"https:\/\/letonkinois.de\/fr\/shop\/peintures-de-haute-qualite\/letonkinois-vernis-marine-no-1-le-vernis-marin-specialise-pour-les-plus-hautes-exigences\/\" class=\"button product_type_variable add_to_cart_button\" data-product_id=\"53\" rel=\"nofollow\">Choisir la version<\/a><\/div>\n<\/div>\n<\/div>\n<\/div>\n<div id=\"wd-661baae30d47e\" class=\"wd-text-block wd-wpb reset-last-child wd-rs-661baae30d47e text-left color-scheme-light \">\n<h3 style=\"text-align: center\">2 fois l&rsquo;application +<\/h3>\n<h3 style=\"text-align: center\">2 fois Marine N\u00b01<\/h3>\n<\/p>\n<\/div>\n<p>\t\t[\/vc_column][\/vc_row][\/vc_section]<\/p>\n<\/div>\n<p>[\/vc_column][\/vc_row][\/vc_section]<\/p>\n<p>[vc_row][vc_column][vc_column_text]<\/p>\n<h4>Bon \u00e0 savoir : teinture \u00e0 l&rsquo;huile vs. teinture traditionnelle<\/h4>\n<ul>\n<li><strong>Pas besoin d&rsquo;arroser :<\/strong> Contrairement aux teintures \u00e0 l&rsquo;eau, vous n&rsquo;avez pas besoin d&rsquo;humidifier le bois avant d&rsquo;appliquer une teinture \u00e0 l&rsquo;huile. Les fibres du bois ne se redressent pas &#8211; il n&rsquo;est donc pas n\u00e9cessaire de proc\u00e9der \u00e0 un pon\u00e7age interm\u00e9diaire apr\u00e8s le trempage. <\/li>\n<li><strong>N&rsquo;utilisez pas de vernis \u00e0 base d&rsquo;eau :<\/strong> Ne scellez la teinture \u00e0 l&rsquo;huile qu&rsquo;avec un vernis \u00e0 base d&rsquo;huile (par exemple Le Tonkinois Vernis ou Marine No. 1). Les vernis \u00e0 base d&rsquo;eau n&rsquo;adh\u00e8rent pas de mani\u00e8re fiable au d\u00e9capage \u00e0 l&rsquo;huile. <\/li>\n<li><strong>Convient particuli\u00e8rement aux bois tendres :<\/strong> La teinture \u00e0 l&rsquo;huile p\u00e9n\u00e8tre plus lentement que la teinture \u00e0 l&rsquo;eau et se r\u00e9partit donc plus uniform\u00e9ment &#8211; id\u00e9al pour l&rsquo;\u00e9pic\u00e9a, le pin et les autres bois de conif\u00e8res qui, sinon, se tachent.<\/li>\n<\/ul>\n<p>Vous trouverez des instructions d\u00e9taill\u00e9es, \u00e9tape par \u00e9tape, avec des conseils sur tous les types de teinture et les 7 erreurs les plus courantes dans notre guide : <a href=\"https:\/\/letonkinois.de\/fr\/2026\/04\/teinter-le-bois-instructions-conseils-et-choix-de-la-bonne-teinture\/\"><strong>Teinter le bois : instructions, conseils et choisir la bonne teinture \u2192<\/strong><\/a><\/p>\n<p>[\/vc_column_text][\/vc_column][\/vc_row]<\/p>\n<\/div>","protected":false},"excerpt":{"rendered":"<p><span class=\"a-list-item\">La teinture \u00e0 l&rsquo;huile Le Tonkinois Acajou permet d&rsquo;obtenir une coloration uniforme, naturelle et en profondeur des pores du bois.<\/span><\/p>\n<p>Fiche technique : <a href=\"https:\/\/letonkinois.de\/wp-content\/uploads\/2024\/04\/TM_DE_Le-Tonkinois-Oelbeize.pdf\">TM_FR_Le Tonkinois Oelbeize<\/a><\/p>\n","protected":false},"featured_media":10459,"comment_status":"open","ping_status":"closed","template":"","meta":[],"product_brand":[],"product_cat":[144],"product_tag":[208,205,207,206],"class_list":{"0":"post-11292","1":"product","2":"type-product","3":"status-publish","4":"has-post-thumbnail","6":"product_cat-teinture","7":"product_tag-acajou","8":"product_tag-huile","9":"product_tag-huile-de-yacht","10":"product_tag-yacht-fr","11":"product_shipping_class-bidon-de-025-litre","13":"first","14":"instock","15":"taxable","16":"shipping-taxable","17":"purchasable","18":"product-type-simple"},"yoast_head":"<!-- This site is optimized with the Yoast SEO plugin v26.9 - https:\/\/yoast.com\/product\/yoast-seo-wordpress\/ -->\n<title>Teinture \u00e0 l&#039;huile Acajou \u00e0 partir de 13,29 \u20ac - Coloration du bois au plus profond des pores - le tonkinois<\/title>\n<meta name=\"description\" content=\"Le Tonkinois Teinture \u00e0 l&#039;huile Acajou - coloration uniforme et naturelle sans bloquer le bois. \u00c9limine les diff\u00e9rences de couleur. Id\u00e9al pour la construction de bateaux &amp; de meubles. \u2713 \u00c0 partir de 13,29 \u20ac HT\" \/>\n<meta name=\"robots\" content=\"index, follow, max-snippet:-1, max-image-preview:large, max-video-preview:-1\" \/>\n<link rel=\"canonical\" href=\"https:\/\/letonkinois.de\/fr\/shop\/teinture\/le-tonkinois-huile-pour-yacht-acajou-025-l\/\" \/>\n<meta property=\"og:locale\" content=\"fr_FR\" \/>\n<meta property=\"og:type\" content=\"article\" \/>\n<meta property=\"og:title\" content=\"Teinture \u00e0 l&#039;huile Acajou \u00e0 partir de 13,29 \u20ac - Coloration du bois au plus profond des pores - le tonkinois\" \/>\n<meta property=\"og:description\" content=\"Le Tonkinois Teinture \u00e0 l&#039;huile Acajou - coloration uniforme et naturelle sans bloquer le bois. \u00c9limine les diff\u00e9rences de couleur. Id\u00e9al pour la construction de bateaux &amp; de meubles. \u2713 \u00c0 partir de 13,29 \u20ac HT\" \/>\n<meta property=\"og:url\" content=\"https:\/\/letonkinois.de\/fr\/shop\/teinture\/le-tonkinois-huile-pour-yacht-acajou-025-l\/\" \/>\n<meta property=\"og:site_name\" content=\"le tonkinois\" \/>\n<meta property=\"article:modified_time\" content=\"2026-04-11T20:35:18+00:00\" \/>\n<meta property=\"og:image\" content=\"https:\/\/letonkinois.de\/wp-content\/uploads\/2024\/04\/6.png\" \/>\n\t<meta property=\"og:image:width\" content=\"1000\" \/>\n\t<meta property=\"og:image:height\" content=\"1000\" \/>\n\t<meta property=\"og:image:type\" content=\"image\/png\" \/>\n<meta name=\"twitter:card\" content=\"summary_large_image\" \/>\n<meta name=\"twitter:label1\" content=\"Dur\u00e9e de lecture estim\u00e9e\" \/>\n\t<meta name=\"twitter:data1\" content=\"4 minutes\" \/>\n<script type=\"application\/ld+json\" class=\"yoast-schema-graph\">{\"@context\":\"https:\/\/schema.org\",\"@graph\":[{\"@type\":\"WebPage\",\"@id\":\"https:\/\/letonkinois.de\/fr\/shop\/teinture\/le-tonkinois-huile-pour-yacht-acajou-025-l\/\",\"url\":\"https:\/\/letonkinois.de\/fr\/shop\/teinture\/le-tonkinois-huile-pour-yacht-acajou-025-l\/\",\"name\":\"Teinture \u00e0 l'huile Acajou \u00e0 partir de 13,29 \u20ac - Coloration du bois au plus profond des pores - le tonkinois\",\"isPartOf\":{\"@id\":\"https:\/\/letonkinois.de\/fr\/#website\"},\"primaryImageOfPage\":{\"@id\":\"https:\/\/letonkinois.de\/fr\/shop\/teinture\/le-tonkinois-huile-pour-yacht-acajou-025-l\/#primaryimage\"},\"image\":{\"@id\":\"https:\/\/letonkinois.de\/fr\/shop\/teinture\/le-tonkinois-huile-pour-yacht-acajou-025-l\/#primaryimage\"},\"thumbnailUrl\":\"https:\/\/letonkinois.de\/wp-content\/uploads\/2024\/04\/6.png\",\"datePublished\":\"2024-04-12T08:18:26+00:00\",\"dateModified\":\"2026-04-11T20:35:18+00:00\",\"description\":\"Le Tonkinois Teinture \u00e0 l'huile Acajou - coloration uniforme et naturelle sans bloquer le bois. \u00c9limine les diff\u00e9rences de couleur. Id\u00e9al pour la construction de bateaux & de meubles. \u2713 \u00c0 partir de 13,29 \u20ac HT\",\"breadcrumb\":{\"@id\":\"https:\/\/letonkinois.de\/fr\/shop\/teinture\/le-tonkinois-huile-pour-yacht-acajou-025-l\/#breadcrumb\"},\"inLanguage\":\"fr-FR\",\"potentialAction\":[{\"@type\":\"ReadAction\",\"target\":[\"https:\/\/letonkinois.de\/fr\/shop\/teinture\/le-tonkinois-huile-pour-yacht-acajou-025-l\/\"]}]},{\"@type\":\"ImageObject\",\"inLanguage\":\"fr-FR\",\"@id\":\"https:\/\/letonkinois.de\/fr\/shop\/teinture\/le-tonkinois-huile-pour-yacht-acajou-025-l\/#primaryimage\",\"url\":\"https:\/\/letonkinois.de\/wp-content\/uploads\/2024\/04\/6.png\",\"contentUrl\":\"https:\/\/letonkinois.de\/wp-content\/uploads\/2024\/04\/6.png\",\"width\":1000,\"height\":1000},{\"@type\":\"BreadcrumbList\",\"@id\":\"https:\/\/letonkinois.de\/fr\/shop\/teinture\/le-tonkinois-huile-pour-yacht-acajou-025-l\/#breadcrumb\",\"itemListElement\":[{\"@type\":\"ListItem\",\"position\":1,\"name\":\"Startseite\",\"item\":\"https:\/\/letonkinois.de\/fr\/\"},{\"@type\":\"ListItem\",\"position\":2,\"name\":\"Boutique\",\"item\":\"https:\/\/letonkinois.de\/fr\/boutique\/\"},{\"@type\":\"ListItem\",\"position\":3,\"name\":\"Le Tonkinois Huile pour Yacht &#8211; Acajou &#8211; 0,25 L\"}]},{\"@type\":\"WebSite\",\"@id\":\"https:\/\/letonkinois.de\/fr\/#website\",\"url\":\"https:\/\/letonkinois.de\/fr\/\",\"name\":\"le tonkinois\",\"description\":\"Le Tonkinois traditioneller Holzschutz\",\"publisher\":{\"@id\":\"https:\/\/letonkinois.de\/fr\/#organization\"},\"potentialAction\":[{\"@type\":\"SearchAction\",\"target\":{\"@type\":\"EntryPoint\",\"urlTemplate\":\"https:\/\/letonkinois.de\/fr\/?s={search_term_string}\"},\"query-input\":{\"@type\":\"PropertyValueSpecification\",\"valueRequired\":true,\"valueName\":\"search_term_string\"}}],\"inLanguage\":\"fr-FR\"},{\"@type\":\"Organization\",\"@id\":\"https:\/\/letonkinois.de\/fr\/#organization\",\"name\":\"le tonkinois\",\"url\":\"https:\/\/letonkinois.de\/fr\/\",\"logo\":{\"@type\":\"ImageObject\",\"inLanguage\":\"fr-FR\",\"@id\":\"https:\/\/letonkinois.de\/fr\/#\/schema\/logo\/image\/\",\"url\":\"https:\/\/letonkinois.de\/wp-content\/uploads\/2024\/07\/Unbenannt-1.png\",\"contentUrl\":\"https:\/\/letonkinois.de\/wp-content\/uploads\/2024\/07\/Unbenannt-1.png\",\"width\":512,\"height\":512,\"caption\":\"le tonkinois\"},\"image\":{\"@id\":\"https:\/\/letonkinois.de\/fr\/#\/schema\/logo\/image\/\"}}]}<\/script>\n<!-- \/ Yoast SEO plugin. -->","yoast_head_json":{"title":"Teinture \u00e0 l'huile Acajou \u00e0 partir de 13,29 \u20ac - Coloration du bois au plus profond des pores - le tonkinois","description":"Le Tonkinois Teinture \u00e0 l'huile Acajou - coloration uniforme et naturelle sans bloquer le bois. \u00c9limine les diff\u00e9rences de couleur. Id\u00e9al pour la construction de bateaux & de meubles. \u2713 \u00c0 partir de 13,29 \u20ac HT","robots":{"index":"index","follow":"follow","max-snippet":"max-snippet:-1","max-image-preview":"max-image-preview:large","max-video-preview":"max-video-preview:-1"},"canonical":"https:\/\/letonkinois.de\/fr\/shop\/teinture\/le-tonkinois-huile-pour-yacht-acajou-025-l\/","og_locale":"fr_FR","og_type":"article","og_title":"Teinture \u00e0 l'huile Acajou \u00e0 partir de 13,29 \u20ac - Coloration du bois au plus profond des pores - le tonkinois","og_description":"Le Tonkinois Teinture \u00e0 l'huile Acajou - coloration uniforme et naturelle sans bloquer le bois. \u00c9limine les diff\u00e9rences de couleur. Id\u00e9al pour la construction de bateaux & de meubles. \u2713 \u00c0 partir de 13,29 \u20ac HT","og_url":"https:\/\/letonkinois.de\/fr\/shop\/teinture\/le-tonkinois-huile-pour-yacht-acajou-025-l\/","og_site_name":"le tonkinois","article_modified_time":"2026-04-11T20:35:18+00:00","og_image":[{"width":1000,"height":1000,"url":"https:\/\/letonkinois.de\/wp-content\/uploads\/2024\/04\/6.png","type":"image\/png"}],"twitter_card":"summary_large_image","twitter_misc":{"Dur\u00e9e de lecture estim\u00e9e":"4 minutes"},"schema":{"@context":"https:\/\/schema.org","@graph":[{"@type":"WebPage","@id":"https:\/\/letonkinois.de\/fr\/shop\/teinture\/le-tonkinois-huile-pour-yacht-acajou-025-l\/","url":"https:\/\/letonkinois.de\/fr\/shop\/teinture\/le-tonkinois-huile-pour-yacht-acajou-025-l\/","name":"Teinture \u00e0 l'huile Acajou \u00e0 partir de 13,29 \u20ac - Coloration du bois au plus profond des pores - le tonkinois","isPartOf":{"@id":"https:\/\/letonkinois.de\/fr\/#website"},"primaryImageOfPage":{"@id":"https:\/\/letonkinois.de\/fr\/shop\/teinture\/le-tonkinois-huile-pour-yacht-acajou-025-l\/#primaryimage"},"image":{"@id":"https:\/\/letonkinois.de\/fr\/shop\/teinture\/le-tonkinois-huile-pour-yacht-acajou-025-l\/#primaryimage"},"thumbnailUrl":"https:\/\/letonkinois.de\/wp-content\/uploads\/2024\/04\/6.png","datePublished":"2024-04-12T08:18:26+00:00","dateModified":"2026-04-11T20:35:18+00:00","description":"Le Tonkinois Teinture \u00e0 l'huile Acajou - coloration uniforme et naturelle sans bloquer le bois. \u00c9limine les diff\u00e9rences de couleur. Id\u00e9al pour la construction de bateaux & de meubles. \u2713 \u00c0 partir de 13,29 \u20ac HT","breadcrumb":{"@id":"https:\/\/letonkinois.de\/fr\/shop\/teinture\/le-tonkinois-huile-pour-yacht-acajou-025-l\/#breadcrumb"},"inLanguage":"fr-FR","potentialAction":[{"@type":"ReadAction","target":["https:\/\/letonkinois.de\/fr\/shop\/teinture\/le-tonkinois-huile-pour-yacht-acajou-025-l\/"]}]},{"@type":"ImageObject","inLanguage":"fr-FR","@id":"https:\/\/letonkinois.de\/fr\/shop\/teinture\/le-tonkinois-huile-pour-yacht-acajou-025-l\/#primaryimage","url":"https:\/\/letonkinois.de\/wp-content\/uploads\/2024\/04\/6.png","contentUrl":"https:\/\/letonkinois.de\/wp-content\/uploads\/2024\/04\/6.png","width":1000,"height":1000},{"@type":"BreadcrumbList","@id":"https:\/\/letonkinois.de\/fr\/shop\/teinture\/le-tonkinois-huile-pour-yacht-acajou-025-l\/#breadcrumb","itemListElement":[{"@type":"ListItem","position":1,"name":"Startseite","item":"https:\/\/letonkinois.de\/fr\/"},{"@type":"ListItem","position":2,"name":"Boutique","item":"https:\/\/letonkinois.de\/fr\/boutique\/"},{"@type":"ListItem","position":3,"name":"Le Tonkinois Huile pour Yacht &#8211; Acajou &#8211; 0,25 L"}]},{"@type":"WebSite","@id":"https:\/\/letonkinois.de\/fr\/#website","url":"https:\/\/letonkinois.de\/fr\/","name":"le tonkinois","description":"Le Tonkinois traditioneller Holzschutz","publisher":{"@id":"https:\/\/letonkinois.de\/fr\/#organization"},"potentialAction":[{"@type":"SearchAction","target":{"@type":"EntryPoint","urlTemplate":"https:\/\/letonkinois.de\/fr\/?s={search_term_string}"},"query-input":{"@type":"PropertyValueSpecification","valueRequired":true,"valueName":"search_term_string"}}],"inLanguage":"fr-FR"},{"@type":"Organization","@id":"https:\/\/letonkinois.de\/fr\/#organization","name":"le tonkinois","url":"https:\/\/letonkinois.de\/fr\/","logo":{"@type":"ImageObject","inLanguage":"fr-FR","@id":"https:\/\/letonkinois.de\/fr\/#\/schema\/logo\/image\/","url":"https:\/\/letonkinois.de\/wp-content\/uploads\/2024\/07\/Unbenannt-1.png","contentUrl":"https:\/\/letonkinois.de\/wp-content\/uploads\/2024\/07\/Unbenannt-1.png","width":512,"height":512,"caption":"le tonkinois"},"image":{"@id":"https:\/\/letonkinois.de\/fr\/#\/schema\/logo\/image\/"}}]}},"jetpack_sharing_enabled":true,"_links":{"self":[{"href":"https:\/\/letonkinois.de\/fr\/wp-json\/wp\/v2\/product\/11292","targetHints":{"allow":["GET"]}}],"collection":[{"href":"https:\/\/letonkinois.de\/fr\/wp-json\/wp\/v2\/product"}],"about":[{"href":"https:\/\/letonkinois.de\/fr\/wp-json\/wp\/v2\/types\/product"}],"replies":[{"embeddable":true,"href":"https:\/\/letonkinois.de\/fr\/wp-json\/wp\/v2\/comments?post=11292"}],"wp:featuredmedia":[{"embeddable":true,"href":"https:\/\/letonkinois.de\/fr\/wp-json\/wp\/v2\/media\/10459"}],"wp:attachment":[{"href":"https:\/\/letonkinois.de\/fr\/wp-json\/wp\/v2\/media?parent=11292"}],"wp:term":[{"taxonomy":"product_brand","embeddable":true,"href":"https:\/\/letonkinois.de\/fr\/wp-json\/wp\/v2\/product_brand?post=11292"},{"taxonomy":"product_cat","embeddable":true,"href":"https:\/\/letonkinois.de\/fr\/wp-json\/wp\/v2\/product_cat?post=11292"},{"taxonomy":"product_tag","embeddable":true,"href":"https:\/\/letonkinois.de\/fr\/wp-json\/wp\/v2\/product_tag?post=11292"}],"curies":[{"name":"wp","href":"https:\/\/api.w.org\/{rel}","templated":true}]}}