{"id":11296,"date":"2024-04-12T07:19:25","date_gmt":"2024-04-12T07:19:25","guid":{"rendered":"https:\/\/pixintcreators.de\/shop\/non%20class\u00e9\/le-tonkinois-huile-pour-yacht-chene-clair-025-l\/"},"modified":"2026-04-10T17:54:52","modified_gmt":"2026-04-10T17:54:52","slug":"le-tonkinois-huile-pour-yacht-chene-clair-025-l","status":"publish","type":"product","link":"https:\/\/letonkinois.de\/fr\/shop\/teinture\/le-tonkinois-huile-pour-yacht-chene-clair-025-l\/","title":{"rendered":"Le Tonkinois Huile pour Yacht &#8211; Ch\u00eane clair &#8211; 0,25 L"},"content":{"rendered":"<div class=\"wpb-content-wrapper\"><p>[vc_row content_placement=\u00a0\u00bbtop\u00a0\u00bb][vc_column width=\u00a0\u00bb1\/3&Prime;]\t\t<div id=\"wd-661809a896e6f\" class=\"wd-text-block wd-wpb reset-last-child wd-rs-661809a896e6f text-left \">\n\t\t\t<h4><strong>Principales caract\u00e9ristiques :<\/strong><\/h4>\n<p>Cette teinture \u00e0 base d&rsquo;huile assure une coloration uniforme, naturelle et en profondeur des pores du bois, sans le rendre imperm\u00e9able. Id\u00e9al pour la construction de bateaux et <span class=\"a-list-item\">les surfaces en bois sollicit\u00e9es.<\/span> Egalise les diff\u00e9rences de couleur qui peuvent appara\u00eetre lors de travaux de finition tels que le rabotage ou le pon\u00e7age des bois.<\/p>\n\t\t<\/div>\n\t\t[\/vc_column][vc_column width=\u00a0\u00bb1\/3&Prime; css=\u00a0\u00bb.vc_custom_1490694541710{padding-top: 0px !important;}\u00a0\u00bb]\t\t<div id=\"wd-661809f5b0147\" class=\"wd-text-block wd-wpb reset-last-child wd-rs-661809f5b0147 text-left \">\n\t\t\t<h4>Application :<\/h4>\n<p>La teinture \u00e0 l&rsquo;huile Yacht est appliqu\u00e9e 1 \u00e0 3 fois au pinceau\/\u00e0 la brosse avec un l\u00e9ger pon\u00e7age interm\u00e9diaire jusqu&rsquo;\u00e0 l&rsquo;obtention de la teinte souhait\u00e9e. Agiter soigneusement avant utilisation. Apr\u00e8s un court temps d&rsquo;action, r\u00e9partissez \u00e0 nouveau l&rsquo;huile en exc\u00e8s de mani\u00e8re uniforme \u00e0 l&rsquo;aide d&rsquo;un pinceau. Temps de s\u00e9chage entre les applications : environ 8 heures. Apr\u00e8s s\u00e9chage complet (environ 12 heures), la teinture \u00e0 l&rsquo;huile doit \u00eatre vitrifi\u00e9e avec Le Tonkinois Marine n\u00b0 1 ou Vernis 1 \u00e0 2 fois afin d&rsquo;obtenir une protection compl\u00e8te de la surface. A l&rsquo;int\u00e9rieur, ce n&rsquo;est pas obligatoire.<\/p>\n<ul class=\"a-unordered-list a-vertical a-spacing-mini\">\n<li class=\"a-spacing-mini\"><span class=\"a-list-item\">250ml de teinture \u00e0 l&rsquo;huile en bouteille de verre pour environ 5m\u00b2.<\/span><\/li>\n<\/ul>\n\t\t<\/div>\n\t\t[\/vc_column][vc_column width=\u00a0\u00bb1\/3&Prime;]\t\t<div id=\"wd-66180952c9751\" class=\"wd-text-block wd-wpb reset-last-child wd-rs-66180952c9751 text-left \">\n\t\t\t<h4><strong>Traitement ult\u00e9rieur :<\/strong><\/h4>\n<p>Apr\u00e8s s\u00e9chage complet (environ 12 heures), la teinture \u00e0 l&rsquo;huile doit \u00eatre vitrifi\u00e9e avec Le Tonkinois Marine n\u00b0 1 ou Vernis 1 \u00e0 2 fois afin d&rsquo;obtenir une protection compl\u00e8te de la surface.<\/p>\n<p>A l&rsquo;int\u00e9rieur, ce n&rsquo;est pas obligatoire.<\/p>\n<p>Nettoyer l&rsquo;outil avec le diluant Le Tonkinois. Conserver bien ferm\u00e9, au sec, au frais mais \u00e0 l&rsquo;abri du gel.<\/p>\n\t\t<\/div>\n\t\t[\/vc_column][\/vc_row][vc_section][vc_row][vc_column]<style data-type=\"vc_shortcodes-custom-css\">.vc_custom_1713089042264{margin-bottom: 50px !important;background-image: url(https:\/\/pixintcreators.de\/wp-content\/uploads\/2021\/07\/heart-1288420_1280.jpg?id=9774) !important;background-position: center !important;background-repeat: no-repeat !important;background-size: cover !important;}#wd-661baca83dcea .title-subtitle{color:#dd3333;}@media (max-width: 767px) {html .wd-rs-661ba9ea46df0{margin-bottom:30px !important;}}<\/style><div class=\"wpb-content-wrapper\">[vc_section][vc_row woodmart_css_id=\"661ba32c773dc\" mobile_bg_img_hidden=\"no\" tablet_bg_img_hidden=\"no\" woodmart_parallax=\"0\" woodmart_gradient_switch=\"no\" woodmart_box_shadow=\"no\" wd_z_index=\"no\" woodmart_disable_overflow=\"0\" row_reverse_mobile=\"0\" row_reverse_tablet=\"0\"][vc_column]\n\t\t<div id=\"wd-661baca83dcea\" class=\"title-wrapper wd-wpb wd-set-mb reset-last-child  wd-rs-661baca83dcea wd-title-color-default wd-title-style-default text-center  wd-underline-colored\">\n\t\t\t\t\t\t\t\n\t\t\t\t<div class=\"title-subtitle  subtitle-color-default font-default subtitle-style-default wd-font-weight-600 wd-fontsize-xs\">VOYEZ LA DIFF\u00c9RENCE<\/div>\n\t\t\t\n\t\t\t<div class=\"liner-continer\">\n\t\t\t\t<h4 class=\"woodmart-title-container title  wd-font-weight- wd-fontsize-xxl\" >Personnalisez l&apos;intensit\u00e9 de votre teinte \u00e0 chaque couche<\/h4>\n\t\t\t\t\t\t\t<\/div>\n\t\t\t\n\t\t\t\t\t\t\t<div class=\"title-after_title reset-last-child  wd-fontsize-s\">Personnalisez la teinte en appliquant plusieurs couches.\nChaque couche suppl\u00e9mentaire intensifie la couleur, ce qui vous permet d&#039;obtenir la profondeur et l&#039;effet parfaits pour votre projet.\nPour une finition optimis\u00e9e et une brillance suppl\u00e9mentaire, nous vous recommandons d&#039;appliquer notre vernis Marine N\u00b01.\nCela renforce non seulement l&#039;\u00e9clat de la couleur, mais la prot\u00e8ge \u00e9galement \u00e0 long terme.   <\/div>\n\t\t\t\n\t\t\t\n\t\t<\/div>\n\t\t\n\t\t[\/vc_column][\/vc_row][vc_row css=\".vc_custom_1713089042264{margin-bottom: 50px !important;background-image: url(https:\/\/pixintcreators.de\/wp-content\/uploads\/2021\/07\/heart-1288420_1280.jpg?id=9774) !important;background-position: center !important;background-repeat: no-repeat !important;background-size: cover !important;}\" wd_z_index=\"no\" woodmart_css_id=\"661ba9ea46df0\" responsive_spacing=\"eyJwYXJhbV90eXBlIjoid29vZG1hcnRfcmVzcG9uc2l2ZV9zcGFjaW5nIiwic2VsZWN0b3JfaWQiOiI2NjFiYTllYTQ2ZGYwIiwic2hvcnRjb2RlIjoidmNfcm93IiwiZGF0YSI6eyJ0YWJsZXQiOnt9LCJtb2JpbGUiOnsibWFyZ2luLWJvdHRvbSI6IjMwcHgifX19\" mobile_bg_img_hidden=\"no\" tablet_bg_img_hidden=\"no\" woodmart_parallax=\"0\" woodmart_gradient_switch=\"yes\" row_reverse_mobile=\"0\" row_reverse_tablet=\"0\" woodmart_disable_overflow=\"0\" woodmart_box_shadow=\"no\" woodmart_color_gradient=\"rgba(0, 0, 0, 0.6)-0\/rgb(0, 0, 0)-32\/rgb(0, 0, 0)-62\/rgba(0, 0, 0, 0.6)-100\/|linear-gradient(left , rgba(0, 0, 0, 0.6) , rgb(0, 0, 0) 32% , rgb(0, 0, 0) 62% , rgba(0, 0, 0, 0.6) 100%)|linear|left\"][vc_column width=\"1\/4\" offset=\"vc_col-lg-3 vc_col-md-3\"]\t\t<div class=\"wd-spots wd-rs-661ba78e7ca52 wd-event-hover hotspot-icon-default color-scheme-dark wd-hotspot-static \">\n\t\t\t<div class=\"wd-image-hotspot-hotspots\">\n\t\t\t\t<img decoding=\"async\" width=\"600\" height=\"400\" src=\"https:\/\/letonkinois.de\/wp-content\/uploads\/2024\/04\/1-3.png\" class=\"wd-image-hotspot-img\" alt=\"\" srcset=\"https:\/\/letonkinois.de\/wp-content\/uploads\/2024\/04\/1-3.png 600w, https:\/\/letonkinois.de\/wp-content\/uploads\/2024\/04\/1-3-430x287.png 430w, https:\/\/letonkinois.de\/wp-content\/uploads\/2024\/04\/1-3-150x100.png 150w, https:\/\/letonkinois.de\/wp-content\/uploads\/2024\/04\/1-3-400x267.png 400w\" sizes=\"(max-width: 600px) 100vw, 600px\" \/>\t\t\t<\/div>\n\t\t<\/div>\n\t\t\t\t<div id=\"wd-661baa8dee70d\" class=\"wd-text-block wd-wpb reset-last-child wd-rs-661baa8dee70d text-left color-scheme-light \">\n\t\t\t<h3 style=\"text-align: center;\">Original<\/h3>\n\t\t<\/div>\n\t\t[\/vc_column][vc_column width=\"1\/4\" offset=\"vc_col-lg-3 vc_col-md-3\"]\t\t<div class=\"wd-spots wd-rs-661ba7b3ee8bc wd-event-hover hotspot-icon-default color-scheme-dark wd-hotspot-static \">\n\t\t\t<div class=\"wd-image-hotspot-hotspots\">\n\t\t\t\t<img decoding=\"async\" width=\"600\" height=\"400\" src=\"https:\/\/letonkinois.de\/wp-content\/uploads\/2024\/04\/2-3.png\" class=\"wd-image-hotspot-img\" alt=\"\" srcset=\"https:\/\/letonkinois.de\/wp-content\/uploads\/2024\/04\/2-3.png 600w, https:\/\/letonkinois.de\/wp-content\/uploads\/2024\/04\/2-3-430x287.png 430w, https:\/\/letonkinois.de\/wp-content\/uploads\/2024\/04\/2-3-150x100.png 150w, https:\/\/letonkinois.de\/wp-content\/uploads\/2024\/04\/2-3-400x267.png 400w\" sizes=\"(max-width: 600px) 100vw, 600px\" \/>\t\t\t<\/div>\n\t\t<\/div>\n\t\t\t\t<div id=\"wd-661baac0b279b\" class=\"wd-text-block wd-wpb reset-last-child wd-rs-661baac0b279b text-left color-scheme-light \">\n\t\t\t<h3 style=\"text-align: center;\">1 application<\/h3>\n\t\t<\/div>\n\t\t[\/vc_column][vc_column width=\"1\/4\" offset=\"vc_col-lg-3 vc_col-md-3\"]\t\t<div class=\"wd-spots wd-rs-661ba7d0e0739 wd-event-hover hotspot-icon-default color-scheme-dark wd-hotspot-static \">\n\t\t\t<div class=\"wd-image-hotspot-hotspots\">\n\t\t\t\t<img decoding=\"async\" width=\"600\" height=\"400\" src=\"https:\/\/letonkinois.de\/wp-content\/uploads\/2024\/04\/3-4.png\" class=\"wd-image-hotspot-img\" alt=\"\" srcset=\"https:\/\/letonkinois.de\/wp-content\/uploads\/2024\/04\/3-4.png 600w, https:\/\/letonkinois.de\/wp-content\/uploads\/2024\/04\/3-4-430x287.png 430w, https:\/\/letonkinois.de\/wp-content\/uploads\/2024\/04\/3-4-150x100.png 150w, https:\/\/letonkinois.de\/wp-content\/uploads\/2024\/04\/3-4-400x267.png 400w\" sizes=\"(max-width: 600px) 100vw, 600px\" \/>\t\t\t<\/div>\n\t\t<\/div>\n\t\t\t\t<div id=\"wd-661baacf7af78\" class=\"wd-text-block wd-wpb reset-last-child wd-rs-661baacf7af78 text-left color-scheme-light \">\n\t\t\t<h3 style=\"text-align: center;\">Appliquer 2 fois<\/h3>\n\t\t<\/div>\n\t\t[\/vc_column][vc_column width=\"1\/4\" offset=\"vc_col-lg-3 vc_col-md-3\"]\t\t<div class=\"wd-spots wd-rs-661ba848a42a5 wd-event-hover hotspot-icon-default color-scheme-dark wd-hotspot-static \">\n\t\t\t<div class=\"wd-image-hotspot-hotspots\">\n\t\t\t\t<img decoding=\"async\" width=\"600\" height=\"400\" src=\"https:\/\/letonkinois.de\/wp-content\/uploads\/2024\/04\/4-3.png\" class=\"wd-image-hotspot-img\" alt=\"\" srcset=\"https:\/\/letonkinois.de\/wp-content\/uploads\/2024\/04\/4-3.png 600w, https:\/\/letonkinois.de\/wp-content\/uploads\/2024\/04\/4-3-430x287.png 430w, https:\/\/letonkinois.de\/wp-content\/uploads\/2024\/04\/4-3-150x100.png 150w, https:\/\/letonkinois.de\/wp-content\/uploads\/2024\/04\/4-3-400x267.png 400w\" sizes=\"(max-width: 600px) 100vw, 600px\" \/><div class=\"wd-image-hotspot hotspot-type-product\" style=\"left: 50%; top: 50%;\"><span class=\"hotspot-sonar\"><\/span><div class=\"hotspot-btn wd-role-btn wd-fill\" tabindex=\"0\"><\/div><div class=\"hotspot-product hotspot-content hotspot-dropdown-left\"><div class=\"hotspot-content-image\"><a href=\"https:\/\/letonkinois.de\/fr\/shop\/peintures-de-haute-qualite\/letonkinois-vernis-marine-no-1-le-vernis-marin-specialise-pour-les-plus-hautes-exigences\/\"><img decoding=\"async\" width=\"430\" height=\"430\" src=\"https:\/\/letonkinois.de\/wp-content\/uploads\/2017\/06\/Marine-NO-1-1-Liter-neu-002-430x430.png\" class=\"attachment-woocommerce_thumbnail size-woocommerce_thumbnail\" alt=\"Le Tonkinois Marine No. 1 - Durcisseur, plus r\u00e9sistant aux rayures, pour une utilisation extr\u00eame\" srcset=\"https:\/\/letonkinois.de\/wp-content\/uploads\/2017\/06\/Marine-NO-1-1-Liter-neu-002-430x430.png 430w, https:\/\/letonkinois.de\/wp-content\/uploads\/2017\/06\/Marine-NO-1-1-Liter-neu-002-300x300.png 300w, https:\/\/letonkinois.de\/wp-content\/uploads\/2017\/06\/Marine-NO-1-1-Liter-neu-002-800x800.png 800w, https:\/\/letonkinois.de\/wp-content\/uploads\/2017\/06\/Marine-NO-1-1-Liter-neu-002-150x150.png 150w, https:\/\/letonkinois.de\/wp-content\/uploads\/2017\/06\/Marine-NO-1-1-Liter-neu-002-768x768.png 768w, https:\/\/letonkinois.de\/wp-content\/uploads\/2017\/06\/Marine-NO-1-1-Liter-neu-002-700x700.png 700w, https:\/\/letonkinois.de\/wp-content\/uploads\/2017\/06\/Marine-NO-1-1-Liter-neu-002.png 960w\" sizes=\"(max-width: 430px) 100vw, 430px\" \/><\/a><\/div><h4 class=\"wd-entities-title\"><a href=\"https:\/\/letonkinois.de\/fr\/shop\/peintures-de-haute-qualite\/letonkinois-vernis-marine-no-1-le-vernis-marin-specialise-pour-les-plus-hautes-exigences\/\">Le Tonkinois Marine No. 1 - Durcisseur, plus r\u00e9sistant aux rayures, pour une utilisation extr\u00eame<\/a><\/h4><div class=\"star-rating\" role=\"img\" aria-label=\"Note 4.67 sur 5\"><span style=\"width:93.4%\">Not\u00e9 <strong class=\"rating\">4.67<\/strong> sur 5 bas\u00e9 sur <span class=\"rating\">3<\/span> notations client<\/span><\/div><div class=\"price\"><span class=\"woocommerce-Price-amount amount\"><bdi>44,70&nbsp;<span class=\"woocommerce-Price-currencySymbol\">&euro;<\/span><\/bdi><\/span> &ndash; <span class=\"woocommerce-Price-amount amount\"><bdi>81,80&nbsp;<span class=\"woocommerce-Price-currencySymbol\">&euro;<\/span><\/bdi><\/span> <small class=\"woocommerce-price-suffix\">incl. VAT<\/small><\/div><div class=\"hotspot-content-text wd-more-desc reset-last-child\"><div class=\"wd-more-desc-inner\">Marine No. 1 est plus dur et plus r\u00e9sistant aux rayures que Vernis et contient des pigments transparents de protection contre les UV. Le bon choix pour les surfaces ext\u00e9rieures expos\u00e9es : Ponts de bateaux, coques, pontons et terrasses expos\u00e9s plein sud. \n\nFiche technique : <a href=\"https:\/\/letonkinois.de\/wp-content\/uploads\/2017\/06\/TM_DE_Le-Tonkinois-Marine-No.1.pdf\">TM_FR_Le Tonkinois Marine-No.1<\/a><\/div><a href=\"#\" rel=\"nofollow\" class=\"wd-more-desc-btn\" aria-label=\"Lire plus de description\"><\/a><\/div><a href=\"https:\/\/letonkinois.de\/fr\/shop\/peintures-de-haute-qualite\/letonkinois-vernis-marine-no-1-le-vernis-marin-specialise-pour-les-plus-hautes-exigences\/\" class=\"button product_type_variable add_to_cart_button\" data-product_id=\"10758\" rel=\"nofollow\">Choix des options<\/a><\/div><\/div>\t\t\t<\/div>\n\t\t<\/div>\n\t\t\t\t<div id=\"wd-661baae30d47e\" class=\"wd-text-block wd-wpb reset-last-child wd-rs-661baae30d47e text-left color-scheme-light \">\n\t\t\t<h3 style=\"text-align: center;\">2 fois l'application +<\/h3>\n<h3 style=\"text-align: center;\">2 fois Marine N\u00b01<\/h3>\n\t\t<\/div>\n\t\t[\/vc_column][\/vc_row][\/vc_section]<\/div>[\/vc_column][\/vc_row][\/vc_section]<\/p>\n<\/div>","protected":false},"excerpt":{"rendered":"<p><span class=\"a-list-item\">La Teinture Ch\u00eane Clair Le Tonkinois \u00e0 base d&rsquo;huile assure une coloration uniforme, naturelle et en profondeur des pores du bois.<\/span><\/p>\n<p>Fiche technique : <a href=\"https:\/\/letonkinois.de\/wp-content\/uploads\/2024\/04\/TM_DE_Le-Tonkinois-Oelbeize.pdf\">TM_FR_Le Tonkinois Oelbeize<\/a><\/p>\n","protected":false},"featured_media":10443,"comment_status":"open","ping_status":"closed","template":"","meta":[],"product_brand":[],"product_cat":[144],"product_tag":[210,211,205,207,206],"class_list":{"0":"post-11296","1":"product","2":"type-product","3":"status-publish","4":"has-post-thumbnail","6":"product_cat-teinture","7":"product_tag-chene","8":"product_tag-clair","9":"product_tag-huile","10":"product_tag-huile-de-yacht","11":"product_tag-yacht-fr","12":"product_shipping_class-bidon-de-025-litre","14":"first","15":"instock","16":"taxable","17":"shipping-taxable","18":"purchasable","19":"product-type-simple"},"yoast_head":"<!-- This site is optimized with the Yoast SEO plugin v26.9 - https:\/\/yoast.com\/product\/yoast-seo-wordpress\/ -->\n<title>Teinture pour bois Ch\u00eane clair \u00e0 partir de 13,29 \u20ac | Teinture \u00e0 l&#039;huile naturelle<\/title>\n<meta name=\"description\" content=\"Teinture \u00e0 l&#039;huile Ch\u00eane clair pour meubles, escaliers et portes - teinte chaude avec coloration uniforme et profonde des pores \u00e0 base d&#039;huile de lin. \u2713 \u00c0 partir de 13,29 \u20ac HT\" \/>\n<meta name=\"robots\" content=\"index, follow, max-snippet:-1, max-image-preview:large, max-video-preview:-1\" \/>\n<link rel=\"canonical\" href=\"https:\/\/letonkinois.de\/fr\/shop\/teinture\/le-tonkinois-huile-pour-yacht-chene-clair-025-l\/\" \/>\n<meta property=\"og:locale\" content=\"fr_FR\" \/>\n<meta property=\"og:type\" content=\"article\" \/>\n<meta property=\"og:title\" content=\"Teinture pour bois Ch\u00eane clair \u00e0 partir de 13,29 \u20ac | Teinture \u00e0 l&#039;huile naturelle\" \/>\n<meta property=\"og:description\" content=\"Teinture \u00e0 l&#039;huile Ch\u00eane clair pour meubles, escaliers et portes - teinte chaude avec coloration uniforme et profonde des pores \u00e0 base d&#039;huile de lin. \u2713 \u00c0 partir de 13,29 \u20ac HT\" \/>\n<meta property=\"og:url\" content=\"https:\/\/letonkinois.de\/fr\/shop\/teinture\/le-tonkinois-huile-pour-yacht-chene-clair-025-l\/\" \/>\n<meta property=\"og:site_name\" content=\"le tonkinois\" \/>\n<meta property=\"article:modified_time\" content=\"2026-04-10T17:54:52+00:00\" \/>\n<meta property=\"og:image\" content=\"https:\/\/letonkinois.de\/wp-content\/uploads\/2024\/04\/eiche-hell.png\" \/>\n\t<meta property=\"og:image:width\" content=\"1000\" \/>\n\t<meta property=\"og:image:height\" content=\"1000\" \/>\n\t<meta property=\"og:image:type\" content=\"image\/png\" \/>\n<meta name=\"twitter:card\" content=\"summary_large_image\" \/>\n<meta name=\"twitter:label1\" content=\"Dur\u00e9e de lecture estim\u00e9e\" \/>\n\t<meta name=\"twitter:data1\" content=\"2 minutes\" \/>\n<script type=\"application\/ld+json\" class=\"yoast-schema-graph\">{\"@context\":\"https:\/\/schema.org\",\"@graph\":[{\"@type\":\"WebPage\",\"@id\":\"https:\/\/letonkinois.de\/fr\/shop\/teinture\/le-tonkinois-huile-pour-yacht-chene-clair-025-l\/\",\"url\":\"https:\/\/letonkinois.de\/fr\/shop\/teinture\/le-tonkinois-huile-pour-yacht-chene-clair-025-l\/\",\"name\":\"Teinture pour bois Ch\u00eane clair \u00e0 partir de 13,29 \u20ac | Teinture \u00e0 l'huile naturelle\",\"isPartOf\":{\"@id\":\"https:\/\/letonkinois.de\/fr\/#website\"},\"primaryImageOfPage\":{\"@id\":\"https:\/\/letonkinois.de\/fr\/shop\/teinture\/le-tonkinois-huile-pour-yacht-chene-clair-025-l\/#primaryimage\"},\"image\":{\"@id\":\"https:\/\/letonkinois.de\/fr\/shop\/teinture\/le-tonkinois-huile-pour-yacht-chene-clair-025-l\/#primaryimage\"},\"thumbnailUrl\":\"https:\/\/letonkinois.de\/wp-content\/uploads\/2024\/04\/eiche-hell.png\",\"datePublished\":\"2024-04-12T07:19:25+00:00\",\"dateModified\":\"2026-04-10T17:54:52+00:00\",\"description\":\"Teinture \u00e0 l'huile Ch\u00eane clair pour meubles, escaliers et portes - teinte chaude avec coloration uniforme et profonde des pores \u00e0 base d'huile de lin. \u2713 \u00c0 partir de 13,29 \u20ac HT\",\"breadcrumb\":{\"@id\":\"https:\/\/letonkinois.de\/fr\/shop\/teinture\/le-tonkinois-huile-pour-yacht-chene-clair-025-l\/#breadcrumb\"},\"inLanguage\":\"fr-FR\",\"potentialAction\":[{\"@type\":\"ReadAction\",\"target\":[\"https:\/\/letonkinois.de\/fr\/shop\/teinture\/le-tonkinois-huile-pour-yacht-chene-clair-025-l\/\"]}]},{\"@type\":\"ImageObject\",\"inLanguage\":\"fr-FR\",\"@id\":\"https:\/\/letonkinois.de\/fr\/shop\/teinture\/le-tonkinois-huile-pour-yacht-chene-clair-025-l\/#primaryimage\",\"url\":\"https:\/\/letonkinois.de\/wp-content\/uploads\/2024\/04\/eiche-hell.png\",\"contentUrl\":\"https:\/\/letonkinois.de\/wp-content\/uploads\/2024\/04\/eiche-hell.png\",\"width\":1000,\"height\":1000},{\"@type\":\"BreadcrumbList\",\"@id\":\"https:\/\/letonkinois.de\/fr\/shop\/teinture\/le-tonkinois-huile-pour-yacht-chene-clair-025-l\/#breadcrumb\",\"itemListElement\":[{\"@type\":\"ListItem\",\"position\":1,\"name\":\"Startseite\",\"item\":\"https:\/\/letonkinois.de\/fr\/\"},{\"@type\":\"ListItem\",\"position\":2,\"name\":\"Boutique\",\"item\":\"https:\/\/letonkinois.de\/fr\/boutique\/\"},{\"@type\":\"ListItem\",\"position\":3,\"name\":\"Le Tonkinois Huile pour Yacht &#8211; Ch\u00eane clair &#8211; 0,25 L\"}]},{\"@type\":\"WebSite\",\"@id\":\"https:\/\/letonkinois.de\/fr\/#website\",\"url\":\"https:\/\/letonkinois.de\/fr\/\",\"name\":\"le tonkinois\",\"description\":\"Le Tonkinois traditioneller Holzschutz\",\"publisher\":{\"@id\":\"https:\/\/letonkinois.de\/fr\/#organization\"},\"potentialAction\":[{\"@type\":\"SearchAction\",\"target\":{\"@type\":\"EntryPoint\",\"urlTemplate\":\"https:\/\/letonkinois.de\/fr\/?s={search_term_string}\"},\"query-input\":{\"@type\":\"PropertyValueSpecification\",\"valueRequired\":true,\"valueName\":\"search_term_string\"}}],\"inLanguage\":\"fr-FR\"},{\"@type\":\"Organization\",\"@id\":\"https:\/\/letonkinois.de\/fr\/#organization\",\"name\":\"le tonkinois\",\"url\":\"https:\/\/letonkinois.de\/fr\/\",\"logo\":{\"@type\":\"ImageObject\",\"inLanguage\":\"fr-FR\",\"@id\":\"https:\/\/letonkinois.de\/fr\/#\/schema\/logo\/image\/\",\"url\":\"https:\/\/letonkinois.de\/wp-content\/uploads\/2024\/07\/Unbenannt-1.png\",\"contentUrl\":\"https:\/\/letonkinois.de\/wp-content\/uploads\/2024\/07\/Unbenannt-1.png\",\"width\":512,\"height\":512,\"caption\":\"le tonkinois\"},\"image\":{\"@id\":\"https:\/\/letonkinois.de\/fr\/#\/schema\/logo\/image\/\"}}]}<\/script>\n<!-- \/ Yoast SEO plugin. -->","yoast_head_json":{"title":"Teinture pour bois Ch\u00eane clair \u00e0 partir de 13,29 \u20ac | Teinture \u00e0 l'huile naturelle","description":"Teinture \u00e0 l'huile Ch\u00eane clair pour meubles, escaliers et portes - teinte chaude avec coloration uniforme et profonde des pores \u00e0 base d'huile de lin. \u2713 \u00c0 partir de 13,29 \u20ac HT","robots":{"index":"index","follow":"follow","max-snippet":"max-snippet:-1","max-image-preview":"max-image-preview:large","max-video-preview":"max-video-preview:-1"},"canonical":"https:\/\/letonkinois.de\/fr\/shop\/teinture\/le-tonkinois-huile-pour-yacht-chene-clair-025-l\/","og_locale":"fr_FR","og_type":"article","og_title":"Teinture pour bois Ch\u00eane clair \u00e0 partir de 13,29 \u20ac | Teinture \u00e0 l'huile naturelle","og_description":"Teinture \u00e0 l'huile Ch\u00eane clair pour meubles, escaliers et portes - teinte chaude avec coloration uniforme et profonde des pores \u00e0 base d'huile de lin. \u2713 \u00c0 partir de 13,29 \u20ac HT","og_url":"https:\/\/letonkinois.de\/fr\/shop\/teinture\/le-tonkinois-huile-pour-yacht-chene-clair-025-l\/","og_site_name":"le tonkinois","article_modified_time":"2026-04-10T17:54:52+00:00","og_image":[{"width":1000,"height":1000,"url":"https:\/\/letonkinois.de\/wp-content\/uploads\/2024\/04\/eiche-hell.png","type":"image\/png"}],"twitter_card":"summary_large_image","twitter_misc":{"Dur\u00e9e de lecture estim\u00e9e":"2 minutes"},"schema":{"@context":"https:\/\/schema.org","@graph":[{"@type":"WebPage","@id":"https:\/\/letonkinois.de\/fr\/shop\/teinture\/le-tonkinois-huile-pour-yacht-chene-clair-025-l\/","url":"https:\/\/letonkinois.de\/fr\/shop\/teinture\/le-tonkinois-huile-pour-yacht-chene-clair-025-l\/","name":"Teinture pour bois Ch\u00eane clair \u00e0 partir de 13,29 \u20ac | Teinture \u00e0 l'huile naturelle","isPartOf":{"@id":"https:\/\/letonkinois.de\/fr\/#website"},"primaryImageOfPage":{"@id":"https:\/\/letonkinois.de\/fr\/shop\/teinture\/le-tonkinois-huile-pour-yacht-chene-clair-025-l\/#primaryimage"},"image":{"@id":"https:\/\/letonkinois.de\/fr\/shop\/teinture\/le-tonkinois-huile-pour-yacht-chene-clair-025-l\/#primaryimage"},"thumbnailUrl":"https:\/\/letonkinois.de\/wp-content\/uploads\/2024\/04\/eiche-hell.png","datePublished":"2024-04-12T07:19:25+00:00","dateModified":"2026-04-10T17:54:52+00:00","description":"Teinture \u00e0 l'huile Ch\u00eane clair pour meubles, escaliers et portes - teinte chaude avec coloration uniforme et profonde des pores \u00e0 base d'huile de lin. \u2713 \u00c0 partir de 13,29 \u20ac HT","breadcrumb":{"@id":"https:\/\/letonkinois.de\/fr\/shop\/teinture\/le-tonkinois-huile-pour-yacht-chene-clair-025-l\/#breadcrumb"},"inLanguage":"fr-FR","potentialAction":[{"@type":"ReadAction","target":["https:\/\/letonkinois.de\/fr\/shop\/teinture\/le-tonkinois-huile-pour-yacht-chene-clair-025-l\/"]}]},{"@type":"ImageObject","inLanguage":"fr-FR","@id":"https:\/\/letonkinois.de\/fr\/shop\/teinture\/le-tonkinois-huile-pour-yacht-chene-clair-025-l\/#primaryimage","url":"https:\/\/letonkinois.de\/wp-content\/uploads\/2024\/04\/eiche-hell.png","contentUrl":"https:\/\/letonkinois.de\/wp-content\/uploads\/2024\/04\/eiche-hell.png","width":1000,"height":1000},{"@type":"BreadcrumbList","@id":"https:\/\/letonkinois.de\/fr\/shop\/teinture\/le-tonkinois-huile-pour-yacht-chene-clair-025-l\/#breadcrumb","itemListElement":[{"@type":"ListItem","position":1,"name":"Startseite","item":"https:\/\/letonkinois.de\/fr\/"},{"@type":"ListItem","position":2,"name":"Boutique","item":"https:\/\/letonkinois.de\/fr\/boutique\/"},{"@type":"ListItem","position":3,"name":"Le Tonkinois Huile pour Yacht &#8211; Ch\u00eane clair &#8211; 0,25 L"}]},{"@type":"WebSite","@id":"https:\/\/letonkinois.de\/fr\/#website","url":"https:\/\/letonkinois.de\/fr\/","name":"le tonkinois","description":"Le Tonkinois traditioneller Holzschutz","publisher":{"@id":"https:\/\/letonkinois.de\/fr\/#organization"},"potentialAction":[{"@type":"SearchAction","target":{"@type":"EntryPoint","urlTemplate":"https:\/\/letonkinois.de\/fr\/?s={search_term_string}"},"query-input":{"@type":"PropertyValueSpecification","valueRequired":true,"valueName":"search_term_string"}}],"inLanguage":"fr-FR"},{"@type":"Organization","@id":"https:\/\/letonkinois.de\/fr\/#organization","name":"le tonkinois","url":"https:\/\/letonkinois.de\/fr\/","logo":{"@type":"ImageObject","inLanguage":"fr-FR","@id":"https:\/\/letonkinois.de\/fr\/#\/schema\/logo\/image\/","url":"https:\/\/letonkinois.de\/wp-content\/uploads\/2024\/07\/Unbenannt-1.png","contentUrl":"https:\/\/letonkinois.de\/wp-content\/uploads\/2024\/07\/Unbenannt-1.png","width":512,"height":512,"caption":"le tonkinois"},"image":{"@id":"https:\/\/letonkinois.de\/fr\/#\/schema\/logo\/image\/"}}]}},"jetpack_sharing_enabled":true,"_links":{"self":[{"href":"https:\/\/letonkinois.de\/fr\/wp-json\/wp\/v2\/product\/11296","targetHints":{"allow":["GET"]}}],"collection":[{"href":"https:\/\/letonkinois.de\/fr\/wp-json\/wp\/v2\/product"}],"about":[{"href":"https:\/\/letonkinois.de\/fr\/wp-json\/wp\/v2\/types\/product"}],"replies":[{"embeddable":true,"href":"https:\/\/letonkinois.de\/fr\/wp-json\/wp\/v2\/comments?post=11296"}],"wp:featuredmedia":[{"embeddable":true,"href":"https:\/\/letonkinois.de\/fr\/wp-json\/wp\/v2\/media\/10443"}],"wp:attachment":[{"href":"https:\/\/letonkinois.de\/fr\/wp-json\/wp\/v2\/media?parent=11296"}],"wp:term":[{"taxonomy":"product_brand","embeddable":true,"href":"https:\/\/letonkinois.de\/fr\/wp-json\/wp\/v2\/product_brand?post=11296"},{"taxonomy":"product_cat","embeddable":true,"href":"https:\/\/letonkinois.de\/fr\/wp-json\/wp\/v2\/product_cat?post=11296"},{"taxonomy":"product_tag","embeddable":true,"href":"https:\/\/letonkinois.de\/fr\/wp-json\/wp\/v2\/product_tag?post=11296"}],"curies":[{"name":"wp","href":"https:\/\/api.w.org\/{rel}","templated":true}]}}