{"id":11315,"date":"2017-06-14T08:36:16","date_gmt":"2017-06-14T08:36:16","guid":{"rendered":"https:\/\/pixintcreators.de\/shop\/non%20class\u00e9\/diluant-letonkinois-05-l\/"},"modified":"2026-04-08T10:02:02","modified_gmt":"2026-04-08T10:02:02","slug":"diluant-letonkinois-05-l","status":"publish","type":"product","link":"https:\/\/letonkinois.de\/fr\/shop\/soins\/diluant-letonkinois-05-l\/","title":{"rendered":"Le Tonkinois Diluant &#8211; 0,5 L"},"content":{"rendered":"<div class=\"wpb-content-wrapper\"><p>[vc_row equal_height=\u00a0\u00bbyes\u00a0\u00bb content_placement=\u00a0\u00bbtop\u00a0\u00bb][vc_column css=\u00a0\u00bb.vc_custom_1712850363411{margin-bottom: 35px !important;padding-right: 30px !important;padding-bottom: 30px !important;padding-left: 30px !important;}\u00a0\u00bb offset=\u00a0\u00bbvc_col-lg-4 vc_col-md-4 vc_col-xs-12&Prime; woodmart_css_id=\u00a0\u00bb66180598d7301&Prime; parallax_scroll=\u00a0\u00bbno\u00a0\u00bb woodmart_sticky_column=\u00a0\u00bbfalse\u00a0\u00bb wd_collapsible_content_switcher=\u00a0\u00bbno\u00a0\u00bb mobile_bg_img_hidden=\u00a0\u00bbno\u00a0\u00bb tablet_bg_img_hidden=\u00a0\u00bbno\u00a0\u00bb woodmart_parallax=\u00a0\u00bb0&Prime; woodmart_box_shadow=\u00a0\u00bbno\u00a0\u00bb mobile_reset_margin=\u00a0\u00bbno\u00a0\u00bb tablet_reset_margin=\u00a0\u00bbno\u00a0\u00bb wd_z_index=\u00a0\u00bbno\u00a0\u00bb responsive_spacing=\u00a0\u00bbeyJwYXJhbV90eXBlIjoid29vZG1hcnRfcmVzcG9uc2l2ZV9zcGFjaW5nIiwic2VsZWN0b3JfaWQiOiI2NjE4MDU5OGQ3MzAxIiwic2hvcnRjb2RlIjoidmNfY29sdW1uIiwiZGF0YSI6eyJ0YWJsZXQiOnt9LCJtb2JpbGUiOnt9fX0=\u00a0\u00bb wd_column_role_offcanvas_desktop=\u00a0\u00bbno\u00a0\u00bb wd_column_role_offcanvas_tablet=\u00a0\u00bbno\u00a0\u00bb wd_column_role_offcanvas_mobile=\u00a0\u00bbno\u00a0\u00bb wd_column_role_content_desktop=\u00a0\u00bbno\u00a0\u00bb wd_column_role_content_tablet=\u00a0\u00bbno\u00a0\u00bb wd_column_role_content_mobile=\u00a0\u00bbno\u00a0\u00bb]\t\t<div id=\"wd-6618053729996\" class=\"wd-text-block wd-wpb reset-last-child wd-rs-6618053729996 text-left vc_custom_1712850258971\">\n\t\t\t<h4><strong>Champ d&rsquo;application :  <\/strong><\/h4>\n<p>Convient parfaitement pour diluer tous les produits Le Tonkinois \u00e0 base de solvants ainsi que le vernis \u00e0 l&rsquo;huile de lin.<\/p>\n<p>Convient \u00e9galement parfaitement au nettoyage rapide des pinceaux et des outils, au d\u00e9graissage et \u00e0 l&rsquo;\u00e9limination des impuret\u00e9s de r\u00e9sine et de cire.<\/p>\n<h4><strong>Stockage :  <\/strong><\/h4>\n<p>Conserver bien ferm\u00e9, au frais mais \u00e0 l&rsquo;abri du gel.<\/p>\n<h4><strong>Ingr\u00e9dients :  <\/strong><\/h4>\n<p>Isoaliphate.<\/p>\n\t\t<\/div>\n\t\t[\/vc_column][\/vc_row]<\/p>\n<\/div>","protected":false},"excerpt":{"rendered":"<p>Le Tonkinois Diluant est un diluant universel avec des propri\u00e9t\u00e9s de dissolution de premier ordre.<\/p>\n<p>Fiche technique : <a href=\"https:\/\/letonkinois.de\/wp-content\/uploads\/2017\/06\/TM_DE_Le-Tonkinois-Verduennung.pdf\">TM_FR_Le Tonkinois Verduennung<\/a><\/p>\n","protected":false},"featured_media":10519,"comment_status":"open","ping_status":"closed","template":"","meta":[],"product_brand":[],"product_cat":[179],"product_tag":[],"class_list":{"0":"post-11315","1":"product","2":"type-product","3":"status-publish","4":"has-post-thumbnail","6":"product_cat-soins","8":"first","9":"instock","10":"taxable","11":"shipping-taxable","12":"purchasable","13":"product-type-simple"},"yoast_head":"<!-- This site is optimized with the Yoast SEO plugin v26.9 - https:\/\/yoast.com\/product\/yoast-seo-wordpress\/ -->\n<title>Le Tonkinois Diluant 0,5 L \u00e0 partir de 11,39 \u20ac - le tonkinois<\/title>\n<meta name=\"description\" content=\"Diluant universel avec des propri\u00e9t\u00e9s de dissolution de premier ordre. Id\u00e9al pour les produits Le Tonkinois et pour le nettoyage des pinceaux. \u2713 Directement du revendeur sp\u00e9cialis\u00e9\" \/>\n<meta name=\"robots\" content=\"index, follow, max-snippet:-1, max-image-preview:large, max-video-preview:-1\" \/>\n<link rel=\"canonical\" href=\"https:\/\/letonkinois.de\/fr\/shop\/soins\/diluant-letonkinois-05-l\/\" \/>\n<meta property=\"og:locale\" content=\"fr_FR\" \/>\n<meta property=\"og:type\" content=\"article\" \/>\n<meta property=\"og:title\" content=\"Le Tonkinois Diluant 0,5 L \u00e0 partir de 11,39 \u20ac - le tonkinois\" \/>\n<meta property=\"og:description\" content=\"Diluant universel avec des propri\u00e9t\u00e9s de dissolution de premier ordre. Id\u00e9al pour les produits Le Tonkinois et pour le nettoyage des pinceaux. \u2713 Directement du revendeur sp\u00e9cialis\u00e9\" \/>\n<meta property=\"og:url\" content=\"https:\/\/letonkinois.de\/fr\/shop\/soins\/diluant-letonkinois-05-l\/\" \/>\n<meta property=\"og:site_name\" content=\"le tonkinois\" \/>\n<meta property=\"article:modified_time\" content=\"2026-04-08T10:02:02+00:00\" \/>\n<meta property=\"og:image\" content=\"https:\/\/letonkinois.de\/wp-content\/uploads\/2017\/06\/31.png\" \/>\n\t<meta property=\"og:image:width\" content=\"1000\" \/>\n\t<meta property=\"og:image:height\" content=\"1000\" \/>\n\t<meta property=\"og:image:type\" content=\"image\/png\" \/>\n<meta name=\"twitter:card\" content=\"summary_large_image\" \/>\n<meta name=\"twitter:label1\" content=\"Dur\u00e9e de lecture estim\u00e9e\" \/>\n\t<meta name=\"twitter:data1\" content=\"1 minute\" \/>\n<script type=\"application\/ld+json\" class=\"yoast-schema-graph\">{\"@context\":\"https:\/\/schema.org\",\"@graph\":[{\"@type\":\"WebPage\",\"@id\":\"https:\/\/letonkinois.de\/fr\/shop\/soins\/diluant-letonkinois-05-l\/\",\"url\":\"https:\/\/letonkinois.de\/fr\/shop\/soins\/diluant-letonkinois-05-l\/\",\"name\":\"Le Tonkinois Diluant 0,5 L \u00e0 partir de 11,39 \u20ac - le tonkinois\",\"isPartOf\":{\"@id\":\"https:\/\/letonkinois.de\/fr\/#website\"},\"primaryImageOfPage\":{\"@id\":\"https:\/\/letonkinois.de\/fr\/shop\/soins\/diluant-letonkinois-05-l\/#primaryimage\"},\"image\":{\"@id\":\"https:\/\/letonkinois.de\/fr\/shop\/soins\/diluant-letonkinois-05-l\/#primaryimage\"},\"thumbnailUrl\":\"https:\/\/letonkinois.de\/wp-content\/uploads\/2017\/06\/31.png\",\"datePublished\":\"2017-06-14T08:36:16+00:00\",\"dateModified\":\"2026-04-08T10:02:02+00:00\",\"description\":\"Diluant universel avec des propri\u00e9t\u00e9s de dissolution de premier ordre. Id\u00e9al pour les produits Le Tonkinois et pour le nettoyage des pinceaux. \u2713 Directement du revendeur sp\u00e9cialis\u00e9\",\"breadcrumb\":{\"@id\":\"https:\/\/letonkinois.de\/fr\/shop\/soins\/diluant-letonkinois-05-l\/#breadcrumb\"},\"inLanguage\":\"fr-FR\",\"potentialAction\":[{\"@type\":\"ReadAction\",\"target\":[\"https:\/\/letonkinois.de\/fr\/shop\/soins\/diluant-letonkinois-05-l\/\"]}]},{\"@type\":\"ImageObject\",\"inLanguage\":\"fr-FR\",\"@id\":\"https:\/\/letonkinois.de\/fr\/shop\/soins\/diluant-letonkinois-05-l\/#primaryimage\",\"url\":\"https:\/\/letonkinois.de\/wp-content\/uploads\/2017\/06\/31.png\",\"contentUrl\":\"https:\/\/letonkinois.de\/wp-content\/uploads\/2017\/06\/31.png\",\"width\":1000,\"height\":1000},{\"@type\":\"BreadcrumbList\",\"@id\":\"https:\/\/letonkinois.de\/fr\/shop\/soins\/diluant-letonkinois-05-l\/#breadcrumb\",\"itemListElement\":[{\"@type\":\"ListItem\",\"position\":1,\"name\":\"Startseite\",\"item\":\"https:\/\/letonkinois.de\/fr\/\"},{\"@type\":\"ListItem\",\"position\":2,\"name\":\"Boutique\",\"item\":\"https:\/\/letonkinois.de\/fr\/boutique\/\"},{\"@type\":\"ListItem\",\"position\":3,\"name\":\"Le Tonkinois Diluant &#8211; 0,5 L\"}]},{\"@type\":\"WebSite\",\"@id\":\"https:\/\/letonkinois.de\/fr\/#website\",\"url\":\"https:\/\/letonkinois.de\/fr\/\",\"name\":\"le tonkinois\",\"description\":\"Le Tonkinois traditioneller Holzschutz\",\"publisher\":{\"@id\":\"https:\/\/letonkinois.de\/fr\/#organization\"},\"potentialAction\":[{\"@type\":\"SearchAction\",\"target\":{\"@type\":\"EntryPoint\",\"urlTemplate\":\"https:\/\/letonkinois.de\/fr\/?s={search_term_string}\"},\"query-input\":{\"@type\":\"PropertyValueSpecification\",\"valueRequired\":true,\"valueName\":\"search_term_string\"}}],\"inLanguage\":\"fr-FR\"},{\"@type\":\"Organization\",\"@id\":\"https:\/\/letonkinois.de\/fr\/#organization\",\"name\":\"le tonkinois\",\"url\":\"https:\/\/letonkinois.de\/fr\/\",\"logo\":{\"@type\":\"ImageObject\",\"inLanguage\":\"fr-FR\",\"@id\":\"https:\/\/letonkinois.de\/fr\/#\/schema\/logo\/image\/\",\"url\":\"https:\/\/letonkinois.de\/wp-content\/uploads\/2024\/07\/Unbenannt-1.png\",\"contentUrl\":\"https:\/\/letonkinois.de\/wp-content\/uploads\/2024\/07\/Unbenannt-1.png\",\"width\":512,\"height\":512,\"caption\":\"le tonkinois\"},\"image\":{\"@id\":\"https:\/\/letonkinois.de\/fr\/#\/schema\/logo\/image\/\"}}]}<\/script>\n<!-- \/ Yoast SEO plugin. -->","yoast_head_json":{"title":"Le Tonkinois Diluant 0,5 L \u00e0 partir de 11,39 \u20ac - le tonkinois","description":"Diluant universel avec des propri\u00e9t\u00e9s de dissolution de premier ordre. Id\u00e9al pour les produits Le Tonkinois et pour le nettoyage des pinceaux. \u2713 Directement du revendeur sp\u00e9cialis\u00e9","robots":{"index":"index","follow":"follow","max-snippet":"max-snippet:-1","max-image-preview":"max-image-preview:large","max-video-preview":"max-video-preview:-1"},"canonical":"https:\/\/letonkinois.de\/fr\/shop\/soins\/diluant-letonkinois-05-l\/","og_locale":"fr_FR","og_type":"article","og_title":"Le Tonkinois Diluant 0,5 L \u00e0 partir de 11,39 \u20ac - le tonkinois","og_description":"Diluant universel avec des propri\u00e9t\u00e9s de dissolution de premier ordre. Id\u00e9al pour les produits Le Tonkinois et pour le nettoyage des pinceaux. \u2713 Directement du revendeur sp\u00e9cialis\u00e9","og_url":"https:\/\/letonkinois.de\/fr\/shop\/soins\/diluant-letonkinois-05-l\/","og_site_name":"le tonkinois","article_modified_time":"2026-04-08T10:02:02+00:00","og_image":[{"width":1000,"height":1000,"url":"https:\/\/letonkinois.de\/wp-content\/uploads\/2017\/06\/31.png","type":"image\/png"}],"twitter_card":"summary_large_image","twitter_misc":{"Dur\u00e9e de lecture estim\u00e9e":"1 minute"},"schema":{"@context":"https:\/\/schema.org","@graph":[{"@type":"WebPage","@id":"https:\/\/letonkinois.de\/fr\/shop\/soins\/diluant-letonkinois-05-l\/","url":"https:\/\/letonkinois.de\/fr\/shop\/soins\/diluant-letonkinois-05-l\/","name":"Le Tonkinois Diluant 0,5 L \u00e0 partir de 11,39 \u20ac - le tonkinois","isPartOf":{"@id":"https:\/\/letonkinois.de\/fr\/#website"},"primaryImageOfPage":{"@id":"https:\/\/letonkinois.de\/fr\/shop\/soins\/diluant-letonkinois-05-l\/#primaryimage"},"image":{"@id":"https:\/\/letonkinois.de\/fr\/shop\/soins\/diluant-letonkinois-05-l\/#primaryimage"},"thumbnailUrl":"https:\/\/letonkinois.de\/wp-content\/uploads\/2017\/06\/31.png","datePublished":"2017-06-14T08:36:16+00:00","dateModified":"2026-04-08T10:02:02+00:00","description":"Diluant universel avec des propri\u00e9t\u00e9s de dissolution de premier ordre. Id\u00e9al pour les produits Le Tonkinois et pour le nettoyage des pinceaux. \u2713 Directement du revendeur sp\u00e9cialis\u00e9","breadcrumb":{"@id":"https:\/\/letonkinois.de\/fr\/shop\/soins\/diluant-letonkinois-05-l\/#breadcrumb"},"inLanguage":"fr-FR","potentialAction":[{"@type":"ReadAction","target":["https:\/\/letonkinois.de\/fr\/shop\/soins\/diluant-letonkinois-05-l\/"]}]},{"@type":"ImageObject","inLanguage":"fr-FR","@id":"https:\/\/letonkinois.de\/fr\/shop\/soins\/diluant-letonkinois-05-l\/#primaryimage","url":"https:\/\/letonkinois.de\/wp-content\/uploads\/2017\/06\/31.png","contentUrl":"https:\/\/letonkinois.de\/wp-content\/uploads\/2017\/06\/31.png","width":1000,"height":1000},{"@type":"BreadcrumbList","@id":"https:\/\/letonkinois.de\/fr\/shop\/soins\/diluant-letonkinois-05-l\/#breadcrumb","itemListElement":[{"@type":"ListItem","position":1,"name":"Startseite","item":"https:\/\/letonkinois.de\/fr\/"},{"@type":"ListItem","position":2,"name":"Boutique","item":"https:\/\/letonkinois.de\/fr\/boutique\/"},{"@type":"ListItem","position":3,"name":"Le Tonkinois Diluant &#8211; 0,5 L"}]},{"@type":"WebSite","@id":"https:\/\/letonkinois.de\/fr\/#website","url":"https:\/\/letonkinois.de\/fr\/","name":"le tonkinois","description":"Le Tonkinois traditioneller Holzschutz","publisher":{"@id":"https:\/\/letonkinois.de\/fr\/#organization"},"potentialAction":[{"@type":"SearchAction","target":{"@type":"EntryPoint","urlTemplate":"https:\/\/letonkinois.de\/fr\/?s={search_term_string}"},"query-input":{"@type":"PropertyValueSpecification","valueRequired":true,"valueName":"search_term_string"}}],"inLanguage":"fr-FR"},{"@type":"Organization","@id":"https:\/\/letonkinois.de\/fr\/#organization","name":"le tonkinois","url":"https:\/\/letonkinois.de\/fr\/","logo":{"@type":"ImageObject","inLanguage":"fr-FR","@id":"https:\/\/letonkinois.de\/fr\/#\/schema\/logo\/image\/","url":"https:\/\/letonkinois.de\/wp-content\/uploads\/2024\/07\/Unbenannt-1.png","contentUrl":"https:\/\/letonkinois.de\/wp-content\/uploads\/2024\/07\/Unbenannt-1.png","width":512,"height":512,"caption":"le tonkinois"},"image":{"@id":"https:\/\/letonkinois.de\/fr\/#\/schema\/logo\/image\/"}}]}},"_links":{"self":[{"href":"https:\/\/letonkinois.de\/fr\/wp-json\/wp\/v2\/product\/11315","targetHints":{"allow":["GET"]}}],"collection":[{"href":"https:\/\/letonkinois.de\/fr\/wp-json\/wp\/v2\/product"}],"about":[{"href":"https:\/\/letonkinois.de\/fr\/wp-json\/wp\/v2\/types\/product"}],"replies":[{"embeddable":true,"href":"https:\/\/letonkinois.de\/fr\/wp-json\/wp\/v2\/comments?post=11315"}],"wp:featuredmedia":[{"embeddable":true,"href":"https:\/\/letonkinois.de\/fr\/wp-json\/wp\/v2\/media\/10519"}],"wp:attachment":[{"href":"https:\/\/letonkinois.de\/fr\/wp-json\/wp\/v2\/media?parent=11315"}],"wp:term":[{"taxonomy":"product_brand","embeddable":true,"href":"https:\/\/letonkinois.de\/fr\/wp-json\/wp\/v2\/product_brand?post=11315"},{"taxonomy":"product_cat","embeddable":true,"href":"https:\/\/letonkinois.de\/fr\/wp-json\/wp\/v2\/product_cat?post=11315"},{"taxonomy":"product_tag","embeddable":true,"href":"https:\/\/letonkinois.de\/fr\/wp-json\/wp\/v2\/product_tag?post=11315"}],"curies":[{"name":"wp","href":"https:\/\/api.w.org\/{rel}","templated":true}]}}