{"id":11319,"date":"2017-06-14T08:42:20","date_gmt":"2017-06-14T08:42:20","guid":{"rendered":"https:\/\/pixintcreators.de\/shop\/non%20class\u00e9\/letonkinois-parquets-le-vitrificateur-de-parquet-premium\/"},"modified":"2026-04-11T07:37:16","modified_gmt":"2026-04-11T07:37:16","slug":"letonkinois-parquets-le-vitrificateur-de-parquet-premium","status":"publish","type":"product","link":"https:\/\/letonkinois.de\/fr\/shop\/peintures-de-haute-qualite\/letonkinois-parquets-le-vitrificateur-de-parquet-premium\/","title":{"rendered":"Le Tonkinois Parquets &#8211; Le vitrificateur de parquet premium"},"content":{"rendered":"<div class=\"wpb-content-wrapper\"><p>[vc_row][vc_column offset=\u00a0\u00bbvc_col-lg-4 vc_col-md-4 vc_col-xs-12&Prime; woodmart_css_id=\u00a0\u00bb61827da0dd6b6&Prime; parallax_scroll=\u00a0\u00bbno\u00a0\u00bb woodmart_sticky_column=\u00a0\u00bbfalse\u00a0\u00bb wd_collapsible_content_switcher=\u00a0\u00bbno\u00a0\u00bb mobile_bg_img_hidden=\u00a0\u00bbno\u00a0\u00bb tablet_bg_img_hidden=\u00a0\u00bbno\u00a0\u00bb woodmart_parallax=\u00a0\u00bb0&Prime; woodmart_box_shadow=\u00a0\u00bbno\u00a0\u00bb mobile_reset_margin=\u00a0\u00bbno\u00a0\u00bb tablet_reset_margin=\u00a0\u00bbno\u00a0\u00bb wd_z_index=\u00a0\u00bbno\u00a0\u00bb responsive_spacing=\u00a0\u00bbeyJwYXJhbV90eXBlIjoid29vZG1hcnRfcmVzcG9uc2l2ZV9zcGFjaW5nIiwic2VsZWN0b3JfaWQiOiI2MTgyN2RhMGRkNmI2Iiwic2hvcnRjb2RlIjoidmNfY29sdW1uIiwiZGF0YSI6eyJ0YWJsZXQiOnt9LCJtb2JpbGUiOnt9fX0=\u00a0\u00bb]<\/p>\n<div id=\"wd-6618031c33e35\" class=\"wd-text-block wd-wpb reset-last-child wd-rs-6618031c33e35 text-left \">\n<h4><strong>Principales caract\u00e9ristiques: <\/strong><\/h4>\n<ul>\n<li>Formule \u00e0 pores ouverts et faible viscosit\u00e9 pour une p\u00e9n\u00e9tration en profondeur<\/li>\n<li>Diminue le gonflement et le retrait du bois<\/li>\n<li>Offre une protection durable contre l&rsquo;abrasion, l&rsquo;usure et les rayons UV<\/li>\n<\/ul>\n<h4><strong>Brillance naturelle<\/strong>:<\/h4>\n<p>Pr\u00e9servez le caract\u00e8re chaud et naturel de votre bois. Avec Le Tonkinois Parquets, les veines du bois sont soulign\u00e9es et mises en valeur, de sorte que votre sol impressionne durablement.<\/p>\n<\/p>\n<\/div>\n<p>[\/vc_column][vc_column width=\u00a0\u00bb1\/2&Prime; offset=\u00a0\u00bbvc_col-lg-4 vc_col-md-4 vc_col-xs-12&Prime; woodmart_css_id=\u00a0\u00bb61827dac89f4f\u00a0\u00bb parallax_scroll=\u00a0\u00bbno\u00a0\u00bb woodmart_sticky_column=\u00a0\u00bbfalse\u00a0\u00bb wd_collapsible_content_switcher=\u00a0\u00bbno\u00a0\u00bb mobile_bg_img_hidden=\u00a0\u00bbno\u00a0\u00bb tablet_bg_img_hidden=\u00a0\u00bbno\u00a0\u00bb woodmart_parallax=\u00a0\u00bb0&Prime; woodmart_box_shadow=\u00a0\u00bbno\u00a0\u00bb mobile_reset_margin=\u00a0\u00bbno\u00a0\u00bb tablet_reset_margin=\u00a0\u00bbno\u00a0\u00bb wd_z_index=\u00a0\u00bbno\u00a0\u00bb responsive_spacing=\u00a0\u00bbeyJwYXJhbV90eXBlIjoid29vZG1hcnRfcmVzcG9uc2l2ZV9zcGFjaW5nIiwic2VsZWN0b3JfaWQiOiI2MTgyN2RhYzg5ZjRmIiwic2hvcnRjb2RlIjoidmNfY29sdW1uIiwiZGF0YSI6eyJ0YWJsZXQiOnt9LCJtb2JpbGUiOnt9fX0=\u00a0\u00bb]\t\t<\/p>\n<div id=\"wd-6618034553919\" class=\"wd-text-block wd-wpb reset-last-child wd-rs-6618034553919 text-left \">\n<h4><strong>Application: <\/strong><\/h4>\n<p>Pour des r\u00e9sultats optimaux, poncez soigneusement le parquet ou les planchers. Vous pouvez appliquer \u00e0 la fois la couche de base et la couche interm\u00e9diaire en une seule journ\u00e9e. La couche de finition doit \u00eatre appliqu\u00e9e le jour suivant. Recommand\u00e9 : 3 couches (primaire, interm\u00e9diaire et finale). Pour les bois particuli\u00e8rement tendres, nous recommandons un pr\u00e9traitement avec <a href=\"https:\/\/letonkinois.de\/fr\/shop\/apprets\/le-tonkinois-bio-impression-lhuile-dappret-naturelle-pour-une-impregnation-parfaite-du-bois\/\">Bio Impression<\/a> afin de durcir le bois et d&rsquo;assurer une p\u00e9n\u00e9tration encore plus profonde.<\/p>\n<\/p>\n<\/div>\n<p>[\/vc_column][vc_column width=\u00a0\u00bb1\/2&Prime; offset=\u00a0\u00bbvc_col-lg-4 vc_col-md-4 vc_col-xs-12&Prime; woodmart_css_id=\u00a0\u00bb61827db7173e9&Prime; parallax_scroll=\u00a0\u00bbno\u00a0\u00bb woodmart_sticky_column=\u00a0\u00bbfalse\u00a0\u00bb wd_collapsible_content_switcher=\u00a0\u00bbno\u00a0\u00bb mobile_bg_img_hidden=\u00a0\u00bbno\u00a0\u00bb tablet_bg_img_hidden=\u00a0\u00bbno\u00a0\u00bb woodmart_parallax=\u00a0\u00bb0&Prime; woodmart_box_shadow=\u00a0\u00bbno\u00a0\u00bb mobile_reset_margin=\u00a0\u00bbno\u00a0\u00bb tablet_reset_margin=\u00a0\u00bbno\u00a0\u00bb wd_z_index=\u00a0\u00bbno\u00a0\u00bb responsive_spacing=\u00a0\u00bbeyJwYXJhbV90eXBlIjoid29vZG1hcnRfcmVzcG9uc2l2ZV9zcGFjaW5nIiwic2VsZWN0b3JfaWQiOiI2MTgyN2RiNzE3M2U5Iiwic2hvcnRjb2RlIjoidmNfY29sdW1uIiwiZGF0YSI6eyJ0YWJsZXQiOnt9LCJtb2JpbGUiOnt9fX0=\u00a0\u00bb]\t\t<\/p>\n<div id=\"wd-6618035892ad5\" class=\"wd-text-block wd-wpb reset-last-child wd-rs-6618035892ad5 text-left \">\n<h4><strong>D\u00e9tails techniques<\/strong>:<\/h4>\n<ul>\n<li>Consommation : environ 20 m\u00b2 par litre<\/li>\n<li>Temps de s\u00e9chage : 6-8 heures<\/li>\n<li>Praticable apr\u00e8s environ 3 jours<\/li>\n<li>Pleinement op\u00e9rationnel apr\u00e8s environ 7 jours<\/li>\n<\/ul>\n<\/div>\n<p>[\/vc_column][\/vc_row]<\/p>\n<\/div>","protected":false},"excerpt":{"rendered":"<p>Donnez \u00e0 votre rev\u00eatement de sol la protection et la brillance ultimes avec \u00ab\u00a0Le Tonkinois Parquets\u00a0\u00bb. Ce vernis sp\u00e9cialis\u00e9 a \u00e9t\u00e9 con\u00e7u non seulement pour prot\u00e9ger les parquets et les planchers, mais aussi pour mettre en valeur leur charme naturel. <\/p>\n<p>Fiche technique : <a href=\"https:\/\/letonkinois.de\/wp-content\/uploads\/2017\/06\/TM_DE_Le-Tonkinois-Parquets.pdf\">TM_FR_Le Tonkinois Parquets<\/a><\/p>\n","protected":false},"featured_media":10517,"comment_status":"open","ping_status":"closed","template":"","meta":[],"product_brand":[],"product_cat":[175],"product_tag":[],"class_list":{"0":"post-11319","1":"product","2":"type-product","3":"status-publish","4":"has-post-thumbnail","6":"product_cat-peintures-de-haute-qualite","8":"first","9":"instock","10":"taxable","11":"shipping-taxable","12":"purchasable","13":"product-type-variable"},"yoast_head":"<!-- This site is optimized with the Yoast SEO plugin v26.9 - https:\/\/yoast.com\/product\/yoast-seo-wordpress\/ -->\n<title>Vernis pour parquet naturel \u00e0 partir de 39,29 \u20ac - Le Tonkinois Parquets - le tonkinois<\/title>\n<meta name=\"description\" content=\"Le Tonkinois Parquets - vernis sp\u00e9cialis\u00e9 pour parquets qui prot\u00e8ge les planches et les parquets et fait ressortir le charme naturel du bois. Finition satin\u00e9e. \u2713 En direct du revendeur sp\u00e9cialis\u00e9 \u2713 A partir de 39,29 \u20ac.\" \/>\n<meta name=\"robots\" content=\"index, follow, max-snippet:-1, max-image-preview:large, max-video-preview:-1\" \/>\n<link rel=\"canonical\" href=\"https:\/\/letonkinois.de\/fr\/shop\/peintures-de-haute-qualite\/letonkinois-parquets-le-vitrificateur-de-parquet-premium\/\" \/>\n<meta property=\"og:locale\" content=\"fr_FR\" \/>\n<meta property=\"og:type\" content=\"article\" \/>\n<meta property=\"og:title\" content=\"Vernis pour parquet naturel \u00e0 partir de 39,29 \u20ac - Le Tonkinois Parquets - le tonkinois\" \/>\n<meta property=\"og:description\" content=\"Le Tonkinois Parquets - vernis sp\u00e9cialis\u00e9 pour parquets qui prot\u00e8ge les planches et les parquets et fait ressortir le charme naturel du bois. Finition satin\u00e9e. \u2713 En direct du revendeur sp\u00e9cialis\u00e9 \u2713 A partir de 39,29 \u20ac.\" \/>\n<meta property=\"og:url\" content=\"https:\/\/letonkinois.de\/fr\/shop\/peintures-de-haute-qualite\/letonkinois-parquets-le-vitrificateur-de-parquet-premium\/\" \/>\n<meta property=\"og:site_name\" content=\"le tonkinois\" \/>\n<meta property=\"article:modified_time\" content=\"2026-04-11T07:37:16+00:00\" \/>\n<meta property=\"og:image\" content=\"https:\/\/letonkinois.de\/wp-content\/uploads\/2017\/06\/30.png\" \/>\n\t<meta property=\"og:image:width\" content=\"1000\" \/>\n\t<meta property=\"og:image:height\" content=\"1000\" \/>\n\t<meta property=\"og:image:type\" content=\"image\/png\" \/>\n<meta name=\"twitter:card\" content=\"summary_large_image\" \/>\n<meta name=\"twitter:label1\" content=\"Dur\u00e9e de lecture estim\u00e9e\" \/>\n\t<meta name=\"twitter:data1\" content=\"2 minutes\" \/>\n<script type=\"application\/ld+json\" class=\"yoast-schema-graph\">{\"@context\":\"https:\/\/schema.org\",\"@graph\":[{\"@type\":\"WebPage\",\"@id\":\"https:\/\/letonkinois.de\/fr\/shop\/peintures-de-haute-qualite\/letonkinois-parquets-le-vitrificateur-de-parquet-premium\/\",\"url\":\"https:\/\/letonkinois.de\/fr\/shop\/peintures-de-haute-qualite\/letonkinois-parquets-le-vitrificateur-de-parquet-premium\/\",\"name\":\"Vernis pour parquet naturel \u00e0 partir de 39,29 \u20ac - Le Tonkinois Parquets - le tonkinois\",\"isPartOf\":{\"@id\":\"https:\/\/letonkinois.de\/fr\/#website\"},\"primaryImageOfPage\":{\"@id\":\"https:\/\/letonkinois.de\/fr\/shop\/peintures-de-haute-qualite\/letonkinois-parquets-le-vitrificateur-de-parquet-premium\/#primaryimage\"},\"image\":{\"@id\":\"https:\/\/letonkinois.de\/fr\/shop\/peintures-de-haute-qualite\/letonkinois-parquets-le-vitrificateur-de-parquet-premium\/#primaryimage\"},\"thumbnailUrl\":\"https:\/\/letonkinois.de\/wp-content\/uploads\/2017\/06\/30.png\",\"datePublished\":\"2017-06-14T08:42:20+00:00\",\"dateModified\":\"2026-04-11T07:37:16+00:00\",\"description\":\"Le Tonkinois Parquets - vernis sp\u00e9cialis\u00e9 pour parquets qui prot\u00e8ge les planches et les parquets et fait ressortir le charme naturel du bois. Finition satin\u00e9e. \u2713 En direct du revendeur sp\u00e9cialis\u00e9 \u2713 A partir de 39,29 \u20ac.\",\"breadcrumb\":{\"@id\":\"https:\/\/letonkinois.de\/fr\/shop\/peintures-de-haute-qualite\/letonkinois-parquets-le-vitrificateur-de-parquet-premium\/#breadcrumb\"},\"inLanguage\":\"fr-FR\",\"potentialAction\":[{\"@type\":\"ReadAction\",\"target\":[\"https:\/\/letonkinois.de\/fr\/shop\/peintures-de-haute-qualite\/letonkinois-parquets-le-vitrificateur-de-parquet-premium\/\"]}]},{\"@type\":\"ImageObject\",\"inLanguage\":\"fr-FR\",\"@id\":\"https:\/\/letonkinois.de\/fr\/shop\/peintures-de-haute-qualite\/letonkinois-parquets-le-vitrificateur-de-parquet-premium\/#primaryimage\",\"url\":\"https:\/\/letonkinois.de\/wp-content\/uploads\/2017\/06\/30.png\",\"contentUrl\":\"https:\/\/letonkinois.de\/wp-content\/uploads\/2017\/06\/30.png\",\"width\":1000,\"height\":1000},{\"@type\":\"BreadcrumbList\",\"@id\":\"https:\/\/letonkinois.de\/fr\/shop\/peintures-de-haute-qualite\/letonkinois-parquets-le-vitrificateur-de-parquet-premium\/#breadcrumb\",\"itemListElement\":[{\"@type\":\"ListItem\",\"position\":1,\"name\":\"Startseite\",\"item\":\"https:\/\/letonkinois.de\/fr\/\"},{\"@type\":\"ListItem\",\"position\":2,\"name\":\"Boutique\",\"item\":\"https:\/\/letonkinois.de\/fr\/boutique\/\"},{\"@type\":\"ListItem\",\"position\":3,\"name\":\"Le Tonkinois Parquets &#8211; Le vitrificateur de parquet premium\"}]},{\"@type\":\"WebSite\",\"@id\":\"https:\/\/letonkinois.de\/fr\/#website\",\"url\":\"https:\/\/letonkinois.de\/fr\/\",\"name\":\"le tonkinois\",\"description\":\"Le Tonkinois traditioneller Holzschutz\",\"publisher\":{\"@id\":\"https:\/\/letonkinois.de\/fr\/#organization\"},\"potentialAction\":[{\"@type\":\"SearchAction\",\"target\":{\"@type\":\"EntryPoint\",\"urlTemplate\":\"https:\/\/letonkinois.de\/fr\/?s={search_term_string}\"},\"query-input\":{\"@type\":\"PropertyValueSpecification\",\"valueRequired\":true,\"valueName\":\"search_term_string\"}}],\"inLanguage\":\"fr-FR\"},{\"@type\":\"Organization\",\"@id\":\"https:\/\/letonkinois.de\/fr\/#organization\",\"name\":\"le tonkinois\",\"url\":\"https:\/\/letonkinois.de\/fr\/\",\"logo\":{\"@type\":\"ImageObject\",\"inLanguage\":\"fr-FR\",\"@id\":\"https:\/\/letonkinois.de\/fr\/#\/schema\/logo\/image\/\",\"url\":\"https:\/\/letonkinois.de\/wp-content\/uploads\/2024\/07\/Unbenannt-1.png\",\"contentUrl\":\"https:\/\/letonkinois.de\/wp-content\/uploads\/2024\/07\/Unbenannt-1.png\",\"width\":512,\"height\":512,\"caption\":\"le tonkinois\"},\"image\":{\"@id\":\"https:\/\/letonkinois.de\/fr\/#\/schema\/logo\/image\/\"}}]}<\/script>\n<!-- \/ Yoast SEO plugin. -->","yoast_head_json":{"title":"Vernis pour parquet naturel \u00e0 partir de 39,29 \u20ac - Le Tonkinois Parquets - le tonkinois","description":"Le Tonkinois Parquets - vernis sp\u00e9cialis\u00e9 pour parquets qui prot\u00e8ge les planches et les parquets et fait ressortir le charme naturel du bois. Finition satin\u00e9e. \u2713 En direct du revendeur sp\u00e9cialis\u00e9 \u2713 A partir de 39,29 \u20ac.","robots":{"index":"index","follow":"follow","max-snippet":"max-snippet:-1","max-image-preview":"max-image-preview:large","max-video-preview":"max-video-preview:-1"},"canonical":"https:\/\/letonkinois.de\/fr\/shop\/peintures-de-haute-qualite\/letonkinois-parquets-le-vitrificateur-de-parquet-premium\/","og_locale":"fr_FR","og_type":"article","og_title":"Vernis pour parquet naturel \u00e0 partir de 39,29 \u20ac - Le Tonkinois Parquets - le tonkinois","og_description":"Le Tonkinois Parquets - vernis sp\u00e9cialis\u00e9 pour parquets qui prot\u00e8ge les planches et les parquets et fait ressortir le charme naturel du bois. Finition satin\u00e9e. \u2713 En direct du revendeur sp\u00e9cialis\u00e9 \u2713 A partir de 39,29 \u20ac.","og_url":"https:\/\/letonkinois.de\/fr\/shop\/peintures-de-haute-qualite\/letonkinois-parquets-le-vitrificateur-de-parquet-premium\/","og_site_name":"le tonkinois","article_modified_time":"2026-04-11T07:37:16+00:00","og_image":[{"width":1000,"height":1000,"url":"https:\/\/letonkinois.de\/wp-content\/uploads\/2017\/06\/30.png","type":"image\/png"}],"twitter_card":"summary_large_image","twitter_misc":{"Dur\u00e9e de lecture estim\u00e9e":"2 minutes"},"schema":{"@context":"https:\/\/schema.org","@graph":[{"@type":"WebPage","@id":"https:\/\/letonkinois.de\/fr\/shop\/peintures-de-haute-qualite\/letonkinois-parquets-le-vitrificateur-de-parquet-premium\/","url":"https:\/\/letonkinois.de\/fr\/shop\/peintures-de-haute-qualite\/letonkinois-parquets-le-vitrificateur-de-parquet-premium\/","name":"Vernis pour parquet naturel \u00e0 partir de 39,29 \u20ac - Le Tonkinois Parquets - le tonkinois","isPartOf":{"@id":"https:\/\/letonkinois.de\/fr\/#website"},"primaryImageOfPage":{"@id":"https:\/\/letonkinois.de\/fr\/shop\/peintures-de-haute-qualite\/letonkinois-parquets-le-vitrificateur-de-parquet-premium\/#primaryimage"},"image":{"@id":"https:\/\/letonkinois.de\/fr\/shop\/peintures-de-haute-qualite\/letonkinois-parquets-le-vitrificateur-de-parquet-premium\/#primaryimage"},"thumbnailUrl":"https:\/\/letonkinois.de\/wp-content\/uploads\/2017\/06\/30.png","datePublished":"2017-06-14T08:42:20+00:00","dateModified":"2026-04-11T07:37:16+00:00","description":"Le Tonkinois Parquets - vernis sp\u00e9cialis\u00e9 pour parquets qui prot\u00e8ge les planches et les parquets et fait ressortir le charme naturel du bois. Finition satin\u00e9e. \u2713 En direct du revendeur sp\u00e9cialis\u00e9 \u2713 A partir de 39,29 \u20ac.","breadcrumb":{"@id":"https:\/\/letonkinois.de\/fr\/shop\/peintures-de-haute-qualite\/letonkinois-parquets-le-vitrificateur-de-parquet-premium\/#breadcrumb"},"inLanguage":"fr-FR","potentialAction":[{"@type":"ReadAction","target":["https:\/\/letonkinois.de\/fr\/shop\/peintures-de-haute-qualite\/letonkinois-parquets-le-vitrificateur-de-parquet-premium\/"]}]},{"@type":"ImageObject","inLanguage":"fr-FR","@id":"https:\/\/letonkinois.de\/fr\/shop\/peintures-de-haute-qualite\/letonkinois-parquets-le-vitrificateur-de-parquet-premium\/#primaryimage","url":"https:\/\/letonkinois.de\/wp-content\/uploads\/2017\/06\/30.png","contentUrl":"https:\/\/letonkinois.de\/wp-content\/uploads\/2017\/06\/30.png","width":1000,"height":1000},{"@type":"BreadcrumbList","@id":"https:\/\/letonkinois.de\/fr\/shop\/peintures-de-haute-qualite\/letonkinois-parquets-le-vitrificateur-de-parquet-premium\/#breadcrumb","itemListElement":[{"@type":"ListItem","position":1,"name":"Startseite","item":"https:\/\/letonkinois.de\/fr\/"},{"@type":"ListItem","position":2,"name":"Boutique","item":"https:\/\/letonkinois.de\/fr\/boutique\/"},{"@type":"ListItem","position":3,"name":"Le Tonkinois Parquets &#8211; Le vitrificateur de parquet premium"}]},{"@type":"WebSite","@id":"https:\/\/letonkinois.de\/fr\/#website","url":"https:\/\/letonkinois.de\/fr\/","name":"le tonkinois","description":"Le Tonkinois traditioneller Holzschutz","publisher":{"@id":"https:\/\/letonkinois.de\/fr\/#organization"},"potentialAction":[{"@type":"SearchAction","target":{"@type":"EntryPoint","urlTemplate":"https:\/\/letonkinois.de\/fr\/?s={search_term_string}"},"query-input":{"@type":"PropertyValueSpecification","valueRequired":true,"valueName":"search_term_string"}}],"inLanguage":"fr-FR"},{"@type":"Organization","@id":"https:\/\/letonkinois.de\/fr\/#organization","name":"le tonkinois","url":"https:\/\/letonkinois.de\/fr\/","logo":{"@type":"ImageObject","inLanguage":"fr-FR","@id":"https:\/\/letonkinois.de\/fr\/#\/schema\/logo\/image\/","url":"https:\/\/letonkinois.de\/wp-content\/uploads\/2024\/07\/Unbenannt-1.png","contentUrl":"https:\/\/letonkinois.de\/wp-content\/uploads\/2024\/07\/Unbenannt-1.png","width":512,"height":512,"caption":"le tonkinois"},"image":{"@id":"https:\/\/letonkinois.de\/fr\/#\/schema\/logo\/image\/"}}]}},"_links":{"self":[{"href":"https:\/\/letonkinois.de\/fr\/wp-json\/wp\/v2\/product\/11319","targetHints":{"allow":["GET"]}}],"collection":[{"href":"https:\/\/letonkinois.de\/fr\/wp-json\/wp\/v2\/product"}],"about":[{"href":"https:\/\/letonkinois.de\/fr\/wp-json\/wp\/v2\/types\/product"}],"replies":[{"embeddable":true,"href":"https:\/\/letonkinois.de\/fr\/wp-json\/wp\/v2\/comments?post=11319"}],"wp:featuredmedia":[{"embeddable":true,"href":"https:\/\/letonkinois.de\/fr\/wp-json\/wp\/v2\/media\/10517"}],"wp:attachment":[{"href":"https:\/\/letonkinois.de\/fr\/wp-json\/wp\/v2\/media?parent=11319"}],"wp:term":[{"taxonomy":"product_brand","embeddable":true,"href":"https:\/\/letonkinois.de\/fr\/wp-json\/wp\/v2\/product_brand?post=11319"},{"taxonomy":"product_cat","embeddable":true,"href":"https:\/\/letonkinois.de\/fr\/wp-json\/wp\/v2\/product_cat?post=11319"},{"taxonomy":"product_tag","embeddable":true,"href":"https:\/\/letonkinois.de\/fr\/wp-json\/wp\/v2\/product_tag?post=11319"}],"curies":[{"name":"wp","href":"https:\/\/api.w.org\/{rel}","templated":true}]}}