{"id":11329,"date":"2017-06-22T09:11:07","date_gmt":"2017-06-22T09:11:07","guid":{"rendered":"https:\/\/pixintcreators.de\/shop\/non%20class\u00e9\/letonkinois-gris-bois-1-l\/"},"modified":"2026-04-08T10:02:18","modified_gmt":"2026-04-08T10:02:18","slug":"letonkinois-gris-bois-1-l","status":"publish","type":"product","link":"https:\/\/letonkinois.de\/fr\/shop\/soins\/letonkinois-gris-bois-1-l\/","title":{"rendered":"Le Tonkinois Gris Bois 1 L"},"content":{"rendered":"<div class=\"wpb-content-wrapper\"><p>[vc_row content_placement=\u00a0\u00bbtop\u00a0\u00bb][vc_column offset=\u00a0\u00bbvc_col-md-6&Prime;]\t\t<div id=\"wd-6617f3df834ab\" class=\"wd-text-block wd-wpb reset-last-child wd-rs-6617f3df834ab text-left \">\n\t\t\t<h4><strong>Application :<\/strong><\/h4>\n<p>Bien agiter le bidon avant utilisation. Appliquer \u00e0 saturation \u00e0 l&rsquo;aide d&rsquo;un pinceau et rincer \u00e0 l&rsquo;eau et \u00e0 la brosse apr\u00e8s avoir laiss\u00e9 agir pendant 15 minutes. Ne pas utiliser en plein soleil. Bien laisser s\u00e9cher.<\/p>\n<h4><strong>Stockage :<\/strong><\/h4>\n<p>Conserver dans un endroit bien ferm\u00e9, hors de port\u00e9e des enfants, au frais mais \u00e0 l&rsquo;abri du gel.<\/p>\n<h4><strong>Ingr\u00e9dients :<\/strong><\/h4>\n<p>Eau, acide oxalique, m\u00e9thylcellulose, huile v\u00e9g\u00e9tale. \u00e9mulsifiant \u00e0 base d&rsquo;eau.<\/p>\n\t\t<\/div>\n\t\t[\/vc_column][\/vc_row]<\/p>\n<\/div>","protected":false},"excerpt":{"rendered":"<p>Des agents naturels \u00e9liminent de mani\u00e8re fiable le grisonnement d\u00fb aux intemp\u00e9ries, \u00e9liminent les salissures en profondeur et \u00e9claircissent \u00e0 nouveau le bois. Un support id\u00e9al pour un nouveau traitement avec des huiles, etc. <\/p>\n<p>Fiche technique : <a href=\"https:\/\/letonkinois.de\/wp-content\/uploads\/2017\/06\/TM_DE_Le-Tonkinois-Entgrauer.pdf\">TM_FR_Le Tonkinois D\u00e9graissant<\/a><\/p>\n","protected":false},"featured_media":10507,"comment_status":"open","ping_status":"closed","template":"","meta":[],"product_brand":[],"product_cat":[179],"product_tag":[],"class_list":{"0":"post-11329","1":"product","2":"type-product","3":"status-publish","4":"has-post-thumbnail","6":"product_cat-soins","7":"product_shipping_class-conditionnement-1-litre","9":"first","10":"instock","11":"taxable","12":"shipping-taxable","13":"purchasable","14":"product-type-simple"},"yoast_head":"<!-- This site is optimized with the Yoast SEO plugin v26.9 - https:\/\/yoast.com\/product\/yoast-seo-wordpress\/ -->\n<title>Acheter du grisonnant pour bois - raviver naturellement le bois grisonn\u00e9 - le tonkinois<\/title>\n<meta name=\"description\" content=\"Le Tonkinois Grisailleur pour bois \u00e0 base d&#039;agents naturels. Elimine en profondeur le grisonnement et les salissures, \u00e9claircit le bois. Support id\u00e9al pour un nouveau traitement. \u2713 14,49 \u20ac\" \/>\n<meta name=\"robots\" content=\"index, follow, max-snippet:-1, max-image-preview:large, max-video-preview:-1\" \/>\n<link rel=\"canonical\" href=\"https:\/\/letonkinois.de\/fr\/shop\/soins\/letonkinois-gris-bois-1-l\/\" \/>\n<meta property=\"og:locale\" content=\"fr_FR\" \/>\n<meta property=\"og:type\" content=\"article\" \/>\n<meta property=\"og:title\" content=\"Acheter du grisonnant pour bois - raviver naturellement le bois grisonn\u00e9 - le tonkinois\" \/>\n<meta property=\"og:description\" content=\"Le Tonkinois Grisailleur pour bois \u00e0 base d&#039;agents naturels. Elimine en profondeur le grisonnement et les salissures, \u00e9claircit le bois. Support id\u00e9al pour un nouveau traitement. \u2713 14,49 \u20ac\" \/>\n<meta property=\"og:url\" content=\"https:\/\/letonkinois.de\/fr\/shop\/soins\/letonkinois-gris-bois-1-l\/\" \/>\n<meta property=\"og:site_name\" content=\"le tonkinois\" \/>\n<meta property=\"article:modified_time\" content=\"2026-04-08T10:02:18+00:00\" \/>\n<meta property=\"og:image\" content=\"https:\/\/letonkinois.de\/wp-content\/uploads\/2017\/06\/25.png\" \/>\n\t<meta property=\"og:image:width\" content=\"1000\" \/>\n\t<meta property=\"og:image:height\" content=\"1000\" \/>\n\t<meta property=\"og:image:type\" content=\"image\/png\" \/>\n<meta name=\"twitter:card\" content=\"summary_large_image\" \/>\n<meta name=\"twitter:label1\" content=\"Dur\u00e9e de lecture estim\u00e9e\" \/>\n\t<meta name=\"twitter:data1\" content=\"1 minute\" \/>\n<script type=\"application\/ld+json\" class=\"yoast-schema-graph\">{\"@context\":\"https:\/\/schema.org\",\"@graph\":[{\"@type\":\"WebPage\",\"@id\":\"https:\/\/letonkinois.de\/fr\/shop\/soins\/letonkinois-gris-bois-1-l\/\",\"url\":\"https:\/\/letonkinois.de\/fr\/shop\/soins\/letonkinois-gris-bois-1-l\/\",\"name\":\"Acheter du grisonnant pour bois - raviver naturellement le bois grisonn\u00e9 - le tonkinois\",\"isPartOf\":{\"@id\":\"https:\/\/letonkinois.de\/fr\/#website\"},\"primaryImageOfPage\":{\"@id\":\"https:\/\/letonkinois.de\/fr\/shop\/soins\/letonkinois-gris-bois-1-l\/#primaryimage\"},\"image\":{\"@id\":\"https:\/\/letonkinois.de\/fr\/shop\/soins\/letonkinois-gris-bois-1-l\/#primaryimage\"},\"thumbnailUrl\":\"https:\/\/letonkinois.de\/wp-content\/uploads\/2017\/06\/25.png\",\"datePublished\":\"2017-06-22T09:11:07+00:00\",\"dateModified\":\"2026-04-08T10:02:18+00:00\",\"description\":\"Le Tonkinois Grisailleur pour bois \u00e0 base d'agents naturels. Elimine en profondeur le grisonnement et les salissures, \u00e9claircit le bois. Support id\u00e9al pour un nouveau traitement. \u2713 14,49 \u20ac\",\"breadcrumb\":{\"@id\":\"https:\/\/letonkinois.de\/fr\/shop\/soins\/letonkinois-gris-bois-1-l\/#breadcrumb\"},\"inLanguage\":\"fr-FR\",\"potentialAction\":[{\"@type\":\"ReadAction\",\"target\":[\"https:\/\/letonkinois.de\/fr\/shop\/soins\/letonkinois-gris-bois-1-l\/\"]}]},{\"@type\":\"ImageObject\",\"inLanguage\":\"fr-FR\",\"@id\":\"https:\/\/letonkinois.de\/fr\/shop\/soins\/letonkinois-gris-bois-1-l\/#primaryimage\",\"url\":\"https:\/\/letonkinois.de\/wp-content\/uploads\/2017\/06\/25.png\",\"contentUrl\":\"https:\/\/letonkinois.de\/wp-content\/uploads\/2017\/06\/25.png\",\"width\":1000,\"height\":1000},{\"@type\":\"BreadcrumbList\",\"@id\":\"https:\/\/letonkinois.de\/fr\/shop\/soins\/letonkinois-gris-bois-1-l\/#breadcrumb\",\"itemListElement\":[{\"@type\":\"ListItem\",\"position\":1,\"name\":\"Startseite\",\"item\":\"https:\/\/letonkinois.de\/fr\/\"},{\"@type\":\"ListItem\",\"position\":2,\"name\":\"Boutique\",\"item\":\"https:\/\/letonkinois.de\/fr\/boutique\/\"},{\"@type\":\"ListItem\",\"position\":3,\"name\":\"Le Tonkinois Gris Bois 1 L\"}]},{\"@type\":\"WebSite\",\"@id\":\"https:\/\/letonkinois.de\/fr\/#website\",\"url\":\"https:\/\/letonkinois.de\/fr\/\",\"name\":\"le tonkinois\",\"description\":\"Le Tonkinois traditioneller Holzschutz\",\"publisher\":{\"@id\":\"https:\/\/letonkinois.de\/fr\/#organization\"},\"potentialAction\":[{\"@type\":\"SearchAction\",\"target\":{\"@type\":\"EntryPoint\",\"urlTemplate\":\"https:\/\/letonkinois.de\/fr\/?s={search_term_string}\"},\"query-input\":{\"@type\":\"PropertyValueSpecification\",\"valueRequired\":true,\"valueName\":\"search_term_string\"}}],\"inLanguage\":\"fr-FR\"},{\"@type\":\"Organization\",\"@id\":\"https:\/\/letonkinois.de\/fr\/#organization\",\"name\":\"le tonkinois\",\"url\":\"https:\/\/letonkinois.de\/fr\/\",\"logo\":{\"@type\":\"ImageObject\",\"inLanguage\":\"fr-FR\",\"@id\":\"https:\/\/letonkinois.de\/fr\/#\/schema\/logo\/image\/\",\"url\":\"https:\/\/letonkinois.de\/wp-content\/uploads\/2024\/07\/Unbenannt-1.png\",\"contentUrl\":\"https:\/\/letonkinois.de\/wp-content\/uploads\/2024\/07\/Unbenannt-1.png\",\"width\":512,\"height\":512,\"caption\":\"le tonkinois\"},\"image\":{\"@id\":\"https:\/\/letonkinois.de\/fr\/#\/schema\/logo\/image\/\"}}]}<\/script>\n<!-- \/ Yoast SEO plugin. -->","yoast_head_json":{"title":"Acheter du grisonnant pour bois - raviver naturellement le bois grisonn\u00e9 - le tonkinois","description":"Le Tonkinois Grisailleur pour bois \u00e0 base d'agents naturels. Elimine en profondeur le grisonnement et les salissures, \u00e9claircit le bois. Support id\u00e9al pour un nouveau traitement. \u2713 14,49 \u20ac","robots":{"index":"index","follow":"follow","max-snippet":"max-snippet:-1","max-image-preview":"max-image-preview:large","max-video-preview":"max-video-preview:-1"},"canonical":"https:\/\/letonkinois.de\/fr\/shop\/soins\/letonkinois-gris-bois-1-l\/","og_locale":"fr_FR","og_type":"article","og_title":"Acheter du grisonnant pour bois - raviver naturellement le bois grisonn\u00e9 - le tonkinois","og_description":"Le Tonkinois Grisailleur pour bois \u00e0 base d'agents naturels. Elimine en profondeur le grisonnement et les salissures, \u00e9claircit le bois. Support id\u00e9al pour un nouveau traitement. \u2713 14,49 \u20ac","og_url":"https:\/\/letonkinois.de\/fr\/shop\/soins\/letonkinois-gris-bois-1-l\/","og_site_name":"le tonkinois","article_modified_time":"2026-04-08T10:02:18+00:00","og_image":[{"width":1000,"height":1000,"url":"https:\/\/letonkinois.de\/wp-content\/uploads\/2017\/06\/25.png","type":"image\/png"}],"twitter_card":"summary_large_image","twitter_misc":{"Dur\u00e9e de lecture estim\u00e9e":"1 minute"},"schema":{"@context":"https:\/\/schema.org","@graph":[{"@type":"WebPage","@id":"https:\/\/letonkinois.de\/fr\/shop\/soins\/letonkinois-gris-bois-1-l\/","url":"https:\/\/letonkinois.de\/fr\/shop\/soins\/letonkinois-gris-bois-1-l\/","name":"Acheter du grisonnant pour bois - raviver naturellement le bois grisonn\u00e9 - le tonkinois","isPartOf":{"@id":"https:\/\/letonkinois.de\/fr\/#website"},"primaryImageOfPage":{"@id":"https:\/\/letonkinois.de\/fr\/shop\/soins\/letonkinois-gris-bois-1-l\/#primaryimage"},"image":{"@id":"https:\/\/letonkinois.de\/fr\/shop\/soins\/letonkinois-gris-bois-1-l\/#primaryimage"},"thumbnailUrl":"https:\/\/letonkinois.de\/wp-content\/uploads\/2017\/06\/25.png","datePublished":"2017-06-22T09:11:07+00:00","dateModified":"2026-04-08T10:02:18+00:00","description":"Le Tonkinois Grisailleur pour bois \u00e0 base d'agents naturels. Elimine en profondeur le grisonnement et les salissures, \u00e9claircit le bois. Support id\u00e9al pour un nouveau traitement. \u2713 14,49 \u20ac","breadcrumb":{"@id":"https:\/\/letonkinois.de\/fr\/shop\/soins\/letonkinois-gris-bois-1-l\/#breadcrumb"},"inLanguage":"fr-FR","potentialAction":[{"@type":"ReadAction","target":["https:\/\/letonkinois.de\/fr\/shop\/soins\/letonkinois-gris-bois-1-l\/"]}]},{"@type":"ImageObject","inLanguage":"fr-FR","@id":"https:\/\/letonkinois.de\/fr\/shop\/soins\/letonkinois-gris-bois-1-l\/#primaryimage","url":"https:\/\/letonkinois.de\/wp-content\/uploads\/2017\/06\/25.png","contentUrl":"https:\/\/letonkinois.de\/wp-content\/uploads\/2017\/06\/25.png","width":1000,"height":1000},{"@type":"BreadcrumbList","@id":"https:\/\/letonkinois.de\/fr\/shop\/soins\/letonkinois-gris-bois-1-l\/#breadcrumb","itemListElement":[{"@type":"ListItem","position":1,"name":"Startseite","item":"https:\/\/letonkinois.de\/fr\/"},{"@type":"ListItem","position":2,"name":"Boutique","item":"https:\/\/letonkinois.de\/fr\/boutique\/"},{"@type":"ListItem","position":3,"name":"Le Tonkinois Gris Bois 1 L"}]},{"@type":"WebSite","@id":"https:\/\/letonkinois.de\/fr\/#website","url":"https:\/\/letonkinois.de\/fr\/","name":"le tonkinois","description":"Le Tonkinois traditioneller Holzschutz","publisher":{"@id":"https:\/\/letonkinois.de\/fr\/#organization"},"potentialAction":[{"@type":"SearchAction","target":{"@type":"EntryPoint","urlTemplate":"https:\/\/letonkinois.de\/fr\/?s={search_term_string}"},"query-input":{"@type":"PropertyValueSpecification","valueRequired":true,"valueName":"search_term_string"}}],"inLanguage":"fr-FR"},{"@type":"Organization","@id":"https:\/\/letonkinois.de\/fr\/#organization","name":"le tonkinois","url":"https:\/\/letonkinois.de\/fr\/","logo":{"@type":"ImageObject","inLanguage":"fr-FR","@id":"https:\/\/letonkinois.de\/fr\/#\/schema\/logo\/image\/","url":"https:\/\/letonkinois.de\/wp-content\/uploads\/2024\/07\/Unbenannt-1.png","contentUrl":"https:\/\/letonkinois.de\/wp-content\/uploads\/2024\/07\/Unbenannt-1.png","width":512,"height":512,"caption":"le tonkinois"},"image":{"@id":"https:\/\/letonkinois.de\/fr\/#\/schema\/logo\/image\/"}}]}},"_links":{"self":[{"href":"https:\/\/letonkinois.de\/fr\/wp-json\/wp\/v2\/product\/11329","targetHints":{"allow":["GET"]}}],"collection":[{"href":"https:\/\/letonkinois.de\/fr\/wp-json\/wp\/v2\/product"}],"about":[{"href":"https:\/\/letonkinois.de\/fr\/wp-json\/wp\/v2\/types\/product"}],"replies":[{"embeddable":true,"href":"https:\/\/letonkinois.de\/fr\/wp-json\/wp\/v2\/comments?post=11329"}],"wp:featuredmedia":[{"embeddable":true,"href":"https:\/\/letonkinois.de\/fr\/wp-json\/wp\/v2\/media\/10507"}],"wp:attachment":[{"href":"https:\/\/letonkinois.de\/fr\/wp-json\/wp\/v2\/media?parent=11329"}],"wp:term":[{"taxonomy":"product_brand","embeddable":true,"href":"https:\/\/letonkinois.de\/fr\/wp-json\/wp\/v2\/product_brand?post=11329"},{"taxonomy":"product_cat","embeddable":true,"href":"https:\/\/letonkinois.de\/fr\/wp-json\/wp\/v2\/product_cat?post=11329"},{"taxonomy":"product_tag","embeddable":true,"href":"https:\/\/letonkinois.de\/fr\/wp-json\/wp\/v2\/product_tag?post=11329"}],"curies":[{"name":"wp","href":"https:\/\/api.w.org\/{rel}","templated":true}]}}